{"id":3523,"date":"2024-11-08T10:18:21","date_gmt":"2024-11-08T10:18:21","guid":{"rendered":"https:\/\/partnerup-project.eu\/road-map\/"},"modified":"2025-03-27T06:45:52","modified_gmt":"2025-03-27T06:45:52","slug":"road-map","status":"publish","type":"page","link":"https:\/\/partnerup-project.eu\/ro\/road-map\/","title":{"rendered":"Road Map"},"content":{"rendered":"<h1>Roadmaps for Upskilling Pathways<\/h1>\n<div>\n<div>\n<p>Foile de parcurs na\u021bionale prezentate aici subliniaz\u0103 mecanismele cheie de cooperare pentru a sprijini implementarea cu succes a politicii C\u0103ilor de perfec\u021bionare (UP). Dezvoltate printr-un proces structurat care implic\u0103 parteneri na\u021bionali, grupuri de dezvoltare \u0219i consult\u0103ri cu p\u0103r\u021bile interesate, aceste foi de parcurs ofer\u0103 un cadru flexibil mai degrab\u0103 dec\u00e2t un plan rigid pas cu pas. Ele reflect\u0103 realit\u0103\u021bile fiec\u0103rui context na\u021bional, recunosc\u00e2nd c\u0103 obiectivele se suprapun adesea \u0219i c\u0103 implementarea depinde de resursele disponibile, structurile existente \u0219i provoc\u0103rile specifice \u021b\u0103rii. Foile de parcurs au fost modelate prin mai multe discu\u021bii cu p\u0103r\u021bile interesate pentru a identifica obstacolele, a propune solu\u021bii \u0219i a contura ac\u021biuni concrete pentru a \u00eembun\u0103t\u0103\u021bi colaborarea \u00eentre furnizorii de educa\u021bie, angajatori, agen\u021bii guvernamentale \u0219i societatea civil\u0103. \u00cen plus, a fost elaborat\u0103 o foaie de parcurs european\u0103 pentru a propune mecanisme de cooperare la nivelul UE, complet\u00e2nd eforturile na\u021bionale.<\/p>\n<p>Aceste foi de parcurs servesc ca instrumente practice pe care p\u0103r\u021bile interesate le pot adapta nevoilor lor, ajut\u00e2ndu-i s\u0103 structureze parteneriate, s\u0103 defineasc\u0103 responsabilit\u0103\u021bi \u0219i s\u0103 planifice ac\u021biuni care \u00eembun\u0103t\u0103\u021besc accesul la oportunit\u0103\u021bi de perfec\u021bionare. Ace\u0219tia pot sprijini factorii de decizie \u00een alinierea ini\u021biativelor cu strategiile na\u021bionale \u0219i europene mai largi, \u00eendrum\u00e2nd totodat\u0103 furnizorii de educa\u021bie \u0219i angajatorii \u00een oferirea de oportunit\u0103\u021bi de \u00eenv\u0103\u021bare specifice. Prin utilizarea acestor foi de parcurs, p\u0103r\u021bile interesate pot consolida coordonarea, pot \u00eembun\u0103t\u0103\u021bi sensibilizarea adul\u021bilor cu calific\u0103ri sc\u0103zute \u0219i pot crea sisteme de \u00eenv\u0103\u021bare pe tot parcursul vie\u021bii mai eficiente, care s\u0103 r\u0103spund\u0103 cerin\u021belor pie\u021bei muncii \u0219i nevoilor societ\u0103\u021bii.<\/p>\n<\/div>\n<\/div>\n<div>\n<div class=\"roadmap-container\">\n<div class=\"milestone\">\n            <img decoding=\"async\" src=\"\/wp-content\/uploads\/2025\/02\/eu-flag.png\" alt=\"Europian Union\" class=\"flag\"><br \/>\n            <span class=\"label\"><a href=\"https:\/\/partnerup-project.eu\/wp-content\/uploads\/roadmap\/ro\/eu\/story.html\" target=\"_blank\">UE<\/a><\/span>\n        <\/div>\n<div class=\"milestone\">\n            <img decoding=\"async\" src=\"\/wp-content\/uploads\/2023\/06\/cy-noline.png\" alt=\"Cyprus\" class=\"flag\"><br \/>\n            <span class=\"label\"><a href=\"https:\/\/partnerup-project.eu\/wp-content\/uploads\/roadmap\/ro\/cy\/story.html\" target=\"_blank\">CIPRU<\/a><\/span>\n        <\/div>\n<div class=\"milestone\">\n            <img decoding=\"async\" src=\"\/wp-content\/uploads\/2023\/06\/lv-noline.png\" alt=\"Latvia\" class=\"flag\"><br \/>\n            <span class=\"label\"><a href=\"https:\/\/partnerup-project.eu\/wp-content\/uploads\/roadmap\/ro\/lv\/story.html\" target=\"_blank\">LETONIA<\/a><\/span>\n        <\/div>\n<div class=\"milestone\">\n            <img decoding=\"async\" src=\"\/wp-content\/uploads\/2023\/06\/hr-noline.png\" alt=\"Croatia\" class=\"flag\"><br \/>\n            <span class=\"label\"><a href=\"https:\/\/partnerup-project.eu\/wp-content\/uploads\/roadmap\/ro\/hr\/story.html\" target=\"_blank\">CROA\u021aIA<\/a><\/span>\n        <\/div>\n<div class=\"milestone\">\n            <img decoding=\"async\" src=\"\/wp-content\/uploads\/2023\/06\/ro-noline.png\" alt=\"Romania\" class=\"flag\"><br \/>\n            <span class=\"label\"><a href=\"https:\/\/partnerup-project.eu\/wp-content\/uploads\/roadmap\/ro\/ro\/story.html\" target=\"_blank\">ROMANIA<\/a><\/span>\n        <\/div>\n<div class=\"milestone\">\n            <img decoding=\"async\" src=\"\/wp-content\/uploads\/2023\/06\/gr-noline.png\" alt=\"Greece\" class=\"flag\"><br \/>\n            <span class=\"label\"><a href=\"https:\/\/partnerup-project.eu\/wp-content\/uploads\/roadmap\/ro\/gr\/story.html\" target=\"_blank\">GRECIA<\/a><\/span>\n        <\/div>\n<div class=\"milestone\">\n            <img decoding=\"async\" src=\"\/wp-content\/uploads\/2023\/06\/it-noline.png\" alt=\"Italy\" class=\"flag\"><br \/>\n            <span class=\"label\"><a href=\"https:\/\/partnerup-project.eu\/wp-content\/uploads\/roadmap\/ro\/it\/story.html\" target=\"_blank\">ITALIA<\/a><\/span>\n        <\/div>\n<\/p><\/div>\n<\/div>\n<p><!--more--><br \/>\n<!-- {\"type\":\"layout\",\"children\":[{\"type\":\"section\",\"props\":{\"image_position\":\"center-center\",\"style\":\"default\",\"title_breakpoint\":\"xl\",\"title_position\":\"top-left\",\"title_rotation\":\"left\",\"vertical_align\":\"middle\",\"width\":\"default\"},\"children\":[{\"type\":\"row\",\"children\":[{\"type\":\"column\",\"props\":{\"image_position\":\"center-center\",\"position_sticky_breakpoint\":\"m\"},\"children\":[{\"type\":\"headline\",\"props\":{\"content\":\"Roadmaps for Upskilling Pathways\",\"title_color\":\"secondary\",\"title_element\":\"h1\"}},{\"type\":\"breadcrumbs\",\"props\":{\"show_current\":true,\"show_home\":true}}]}]},{\"type\":\"row\",\"children\":[{\"type\":\"column\",\"props\":{\"image_position\":\"center-center\",\"position_sticky_breakpoint\":\"m\"},\"children\":[{\"type\":\"text\",\"props\":{\"column_breakpoint\":\"m\",\"content\":\"\n\n<div>\\n\n\n<p>Foile de parcurs na\\u021bionale prezentate aici subliniaz\\u0103 mecanismele cheie de cooperare pentru a sprijini implementarea cu succes a politicii C\\u0103ilor de perfec\\u021bionare (UP). Dezvoltate printr-un proces structurat care implic\\u0103 parteneri na\\u021bionali, grupuri de dezvoltare \\u0219i consult\\u0103ri cu p\\u0103r\\u021bile interesate, aceste foi de parcurs ofer\\u0103 un cadru flexibil mai degrab\\u0103 dec\\u00e2t un plan rigid pas cu pas. Ele reflect\\u0103 realit\\u0103\\u021bile fiec\\u0103rui context na\\u021bional, recunosc\\u00e2nd c\\u0103 obiectivele se suprapun adesea \\u0219i c\\u0103 implementarea depinde de resursele disponibile, structurile existente \\u0219i provoc\\u0103rile specifice \\u021b\\u0103rii. Foile de parcurs au fost modelate prin mai multe discu\\u021bii cu p\\u0103r\\u021bile interesate pentru a identifica obstacolele, a propune solu\\u021bii \\u0219i a contura ac\\u021biuni concrete pentru a \\u00eembun\\u0103t\\u0103\\u021bi colaborarea \\u00eentre furnizorii de educa\\u021bie, angajatori, agen\\u021bii guvernamentale \\u0219i societatea civil\\u0103. \\u00cen plus, a fost elaborat\\u0103 o foaie de parcurs european\\u0103 pentru a propune mecanisme de cooperare la nivelul UE, complet\\u00e2nd eforturile na\\u021bionale.<\\\/p>\\n\n\n<p>Aceste foi de parcurs servesc ca instrumente practice pe care p\\u0103r\\u021bile interesate le pot adapta nevoilor lor, ajut\\u00e2ndu-i s\\u0103 structureze parteneriate, s\\u0103 defineasc\\u0103 responsabilit\\u0103\\u021bi \\u0219i s\\u0103 planifice ac\\u021biuni care \\u00eembun\\u0103t\\u0103\\u021besc accesul la oportunit\\u0103\\u021bi de perfec\\u021bionare. Ace\\u0219tia pot sprijini factorii de decizie \\u00een alinierea ini\\u021biativelor cu strategiile na\\u021bionale \\u0219i europene mai largi, \\u00eendrum\\u00e2nd totodat\\u0103 furnizorii de educa\\u021bie \\u0219i angajatorii \\u00een oferirea de oportunit\\u0103\\u021bi de \\u00eenv\\u0103\\u021bare specifice. Prin utilizarea acestor foi de parcurs, p\\u0103r\\u021bile interesate pot consolida coordonarea, pot \\u00eembun\\u0103t\\u0103\\u021bi sensibilizarea adul\\u021bilor cu calific\\u0103ri sc\\u0103zute \\u0219i pot crea sisteme de \\u00eenv\\u0103\\u021bare pe tot parcursul vie\\u021bii mai eficiente, care s\\u0103 r\\u0103spund\\u0103 cerin\\u021belor pie\\u021bei muncii \\u0219i nevoilor societ\\u0103\\u021bii.<\\\/p>\\n<\\\/div>\",\"margin\":\"default\"}}]}]}]},{\"type\":\"section\",\"props\":{\"css\":\".el-section{\\n\\tbackground: #162b45;\\n}\",\"image_position\":\"center-center\",\"padding_remove_bottom\":false,\"style\":\"default\",\"title_breakpoint\":\"xl\",\"title_position\":\"top-left\",\"title_rotation\":\"left\",\"vertical_align\":\"middle\",\"width\":\"default\"},\"children\":[{\"type\":\"row\",\"children\":[{\"type\":\"column\",\"props\":{\"image_position\":\"center-center\",\"position_sticky_breakpoint\":\"m\"},\"children\":[{\"type\":\"html\",\"props\":{\"content\":\"\n\n<div class=\\\"roadmap-container\\\">\\n        \n\n<div class=\\\"milestone\\\">\\n            <img src=\\\"\\\/wp-content\\\/uploads\\\/2025\\\/02\\\/eu-flag.png\\\" alt=\\\"Europian Union\\\" class=\\\"flag\\\">\\n            <span class=\\\"label\\\"><a href=\\\"https:\\\/\\\/partnerup-project.eu\\\/wp-content\\\/uploads\\\/roadmap\\\/ro\\\/eu\\\/story.html\\\" target=\\\"_blank\\\">UE<\\\/a><\\\/span>\\n        <\\\/div>\\n        \n\n<div class=\\\"milestone\\\">            \\n            <img src=\\\"\\\/wp-content\\\/uploads\\\/2023\\\/06\\\/cy-noline.png\\\" alt=\\\"Cyprus\\\" class=\\\"flag\\\">\\n            <span class=\\\"label\\\"><a href=\\\"https:\\\/\\\/partnerup-project.eu\\\/wp-content\\\/uploads\\\/roadmap\\\/ro\\\/cy\\\/story.html\\\" target=\\\"_blank\\\">CIPRU<\\\/a><\\\/span>\\n        <\\\/div>\\n        \n\n<div class=\\\"milestone\\\">\\n            <img src=\\\"\\\/wp-content\\\/uploads\\\/2023\\\/06\\\/lv-noline.png\\\" alt=\\\"Latvia\\\" class=\\\"flag\\\">\\n            <span class=\\\"label\\\"><a href=\\\"https:\\\/\\\/partnerup-project.eu\\\/wp-content\\\/uploads\\\/roadmap\\\/ro\\\/lv\\\/story.html\\\" target=\\\"_blank\\\">LETONIA<\\\/a><\\\/span>\\n        <\\\/div>\\n        \n\n<div class=\\\"milestone\\\">\\n            <img src=\\\"\\\/wp-content\\\/uploads\\\/2023\\\/06\\\/hr-noline.png\\\" alt=\\\"Croatia\\\" class=\\\"flag\\\">\\n            <span class=\\\"label\\\"><a href=\\\"https:\\\/\\\/partnerup-project.eu\\\/wp-content\\\/uploads\\\/roadmap\\\/ro\\\/hr\\\/story.html\\\" target=\\\"_blank\\\">CROA\\u021aIA<\\\/a><\\\/span>\\n        <\\\/div>\\n        \n\n<div class=\\\"milestone\\\">\\n            <img src=\\\"\\\/wp-content\\\/uploads\\\/2023\\\/06\\\/ro-noline.png\\\" alt=\\\"Romania\\\" class=\\\"flag\\\">\\n            <span class=\\\"label\\\"><a href=\\\"https:\\\/\\\/partnerup-project.eu\\\/wp-content\\\/uploads\\\/roadmap\\\/ro\\\/ro\\\/story.html\\\" target=\\\"_blank\\\">ROMANIA<\\\/a><\\\/span>\\n        <\\\/div>\\n        \n\n<div class=\\\"milestone\\\">\\n            <img src=\\\"\\\/wp-content\\\/uploads\\\/2023\\\/06\\\/gr-noline.png\\\" alt=\\\"Greece\\\" class=\\\"flag\\\">\\n            <span class=\\\"label\\\"><a href=\\\"https:\\\/\\\/partnerup-project.eu\\\/wp-content\\\/uploads\\\/roadmap\\\/ro\\\/gr\\\/story.html\\\" target=\\\"_blank\\\">GRECIA<\\\/a><\\\/span>\\n        <\\\/div>\\n        \n\n<div class=\\\"milestone\\\">\\n            <img src=\\\"\\\/wp-content\\\/uploads\\\/2023\\\/06\\\/it-noline.png\\\" alt=\\\"Italy\\\" class=\\\"flag\\\">\\n            <span class=\\\"label\\\"><a href=\\\"https:\\\/\\\/partnerup-project.eu\\\/wp-content\\\/uploads\\\/roadmap\\\/ro\\\/it\\\/story.html\\\" target=\\\"_blank\\\">ITALIA<\\\/a><\\\/span>\\n        <\\\/div>\\n    <\\\/div>\\n\",\"css\":\".roadmap-container {\\n    position: relative;\\n    width: 400px;\\n    height: 1000px;\\n    background-image: url('\\\/wp-content\\\/uploads\\\/2024\\\/11\\\/road.png');\\n    background-position: center;\\n    background-size: contain;\\n    background-repeat: no-repeat;\\n    text-align: center;\\n    margin: 0 auto;\\n}\\n\\n.milestone {\\n    position: absolute;\\n  display: flex;\\n  align-items: center;\\n  margin: 25px 0;\\n  top: 4%;\\n  left: 49%;\\n  transform: translateX(-50%);\\n  \\\/\\\/animation: leftright linear infinite 2s;\\n}\\n@keyframes leftright{\\n    0%{\\n    \\tleft: 48%;\\n    }\\n    50%{\\n    \\tleft: 49%;\\n    }\\n    100%{\\n    \\tleft: 48%;\\n    }\\n}\\n.milestone:nth-of-type(2){\\n    top: 18%;\\n}\\n.milestone:nth-of-type(3){\\n    top: 31%;\\n}\\n.milestone:nth-of-type(4){\\n    top: 45%;\\n}\\n.milestone:nth-of-type(5){\\n    top: 58%;\\n}\\n.milestone:nth-of-type(6){\\n    top: 72%;\\n}\\n.milestone:nth-of-type(7){\\n    top: 86%;\\n}\\n.flag {\\n    width: 50px;\\n    height: 50px;\\n    border-radius: 50%;\\n    margin-right: 10px;\\n}\\n\\n.label {\\n    font-size: 16px;\\n    font-weight: bold;\\n    color: #fff;\\n}\\n\\n.el-element a{\\n\\tcolor: #fff;\\n    transition: all .3s;\\n}\\n.el-element a:hover{\\n\\tcolor: #007e6a;\\n}\"}}]}]}]},{\"type\":\"section\",\"props\":{\"css\":\".el-section{\\n\\tmargin: 0!important;\\n    padding-bottom: 0!important;\\n}\",\"image\":\"wp-content\\\/uploads\\\/2023\\\/03\\\/bottom-wave-2-08.png\",\"image_position\":\"top-center\",\"image_size\":\"width-1-1\",\"padding\":\"xlarge\",\"padding_remove_bottom\":false,\"style\":\"default\",\"title_breakpoint\":\"xl\",\"title_position\":\"top-left\",\"title_rotation\":\"left\",\"vertical_align\":\"middle\",\"width\":\"default\"},\"children\":[{\"type\":\"row\",\"children\":[{\"type\":\"column\",\"props\":{\"image_position\":\"center-center\",\"position_sticky_breakpoint\":\"m\"}}]}]}],\"version\":\"4.4.9\"} --><\/p>\n","protected":false},"excerpt":{"rendered":"<p>Roadmaps for Upskilling Pathways Foile de parcurs na\u021bionale prezentate aici subliniaz\u0103 mecanismele cheie de cooperare pentru a sprijini implementarea cu succes a politicii C\u0103ilor de..<\/p>\n","protected":false},"author":1,"featured_media":0,"parent":0,"menu_order":0,"comment_status":"closed","ping_status":"closed","template":"","meta":{"_acf_changed":false,"footnotes":""},"class_list":["post-3523","page","type-page","status-publish","hentry"],"acf":[],"_links":{"self":[{"href":"https:\/\/partnerup-project.eu\/ro\/wp-json\/wp\/v2\/pages\/3523","targetHints":{"allow":["GET"]}}],"collection":[{"href":"https:\/\/partnerup-project.eu\/ro\/wp-json\/wp\/v2\/pages"}],"about":[{"href":"https:\/\/partnerup-project.eu\/ro\/wp-json\/wp\/v2\/types\/page"}],"author":[{"embeddable":true,"href":"https:\/\/partnerup-project.eu\/ro\/wp-json\/wp\/v2\/users\/1"}],"replies":[{"embeddable":true,"href":"https:\/\/partnerup-project.eu\/ro\/wp-json\/wp\/v2\/comments?post=3523"}],"version-history":[{"count":2,"href":"https:\/\/partnerup-project.eu\/ro\/wp-json\/wp\/v2\/pages\/3523\/revisions"}],"predecessor-version":[{"id":3545,"href":"https:\/\/partnerup-project.eu\/ro\/wp-json\/wp\/v2\/pages\/3523\/revisions\/3545"}],"wp:attachment":[{"href":"https:\/\/partnerup-project.eu\/ro\/wp-json\/wp\/v2\/media?parent=3523"}],"curies":[{"name":"wp","href":"https:\/\/api.w.org\/{rel}","templated":true}]}}