{"id":1264,"date":"2022-02-24T14:11:37","date_gmt":"2022-02-24T14:11:37","guid":{"rendered":"https:\/\/partnerup-project.eu\/home\/"},"modified":"2023-06-16T13:40:06","modified_gmt":"2023-06-16T13:40:06","slug":"home","status":"publish","type":"page","link":"https:\/\/partnerup-project.eu\/ro\/","title":{"rendered":"Po\u010detna"},"content":{"rendered":"<h1><span data-sheets-value=\"{&quot;1&quot;:2,&quot;2&quot;:&quot;PARTENERIATE \u0218I IMPLICAREA STAKEHOLDERS PENTRU C\u0102I DE PERFEC\u021aIONARE&quot;}\" data-sheets-userformat=\"{&quot;2&quot;:14641,&quot;3&quot;:{&quot;1&quot;:0,&quot;3&quot;:1},&quot;7&quot;:{&quot;1&quot;:[{&quot;1&quot;:2,&quot;2&quot;:0,&quot;5&quot;:{&quot;1&quot;:2,&quot;2&quot;:10273509}},{&quot;1&quot;:0,&quot;2&quot;:0,&quot;3&quot;:3},{&quot;1&quot;:1,&quot;2&quot;:0,&quot;4&quot;:2}]},&quot;8&quot;:{&quot;1&quot;:[{&quot;1&quot;:2,&quot;2&quot;:0,&quot;5&quot;:{&quot;1&quot;:2,&quot;2&quot;:10273509}},{&quot;1&quot;:0,&quot;2&quot;:0,&quot;3&quot;:3},{&quot;1&quot;:1,&quot;2&quot;:0,&quot;4&quot;:2}]},&quot;11&quot;:4,&quot;14&quot;:{&quot;1&quot;:3,&quot;3&quot;:1},&quot;15&quot;:&quot;Calibri&quot;,&quot;16&quot;:11}\">PARTENERIATE \u0218I IMPLICAREA STAKEHOLDERS PENTRU C\u0102I DE PERFEC\u021aIONARE<\/span><\/h1>\n<p><img decoding=\"async\" src=\"\/wp-content\/uploads\/2023\/03\/hero-intro-13.png\" alt=\"\"><\/p>\n<ul>\n<li><a href=\"https:\/\/www.facebook.com\/partnerupeu\/\">facebook<\/a>\n<\/li>\n<li><a href=\"https:\/\/twitter.com\/partnerupeu\">twitter<\/a>\n<\/li>\n<\/ul>\n<div>\n<p>        <img decoding=\"async\" src=\"\/wp-content\/uploads\/2023\/03\/about-icons-09.png\" alt=\"\"><\/p>\n<h4>Obiective <\/h4>\n<div>\n<p><span>Partner UP doreste s\u0103 \u00eembun\u0103t\u0103\u021beasc\u0103 implementarea c\u0103ilor de perfec\u021bionare, s\u0103 creasc\u0103 participarea cursan\u021bilor adul\u021bi la oportunit\u0103\u021bile de \u00eenv\u0103\u021bare pe tot parcursul vie\u021bii \u0219i s\u0103 promoveze cooperarea \u00eentre p\u0103r\u021bile interesate relevante<\/span><\/p>\n<\/div>\n<p><a href=\"\/ro\/about#objectives\"><\/a><\/p>\n<\/div>\n<div>\n<p>        <img decoding=\"async\" src=\"\/wp-content\/uploads\/2023\/03\/about-icons-10.png\" alt=\"\"><\/p>\n<h4>Rezultate <\/h4>\n<div>\n<p><span>Proiectul va efectua analize \u0219i consult\u0103ri cu p\u0103r\u021bile interesate, va organiza vizite de studiu pentru \u00eenv\u0103\u021barea reciproca \u0219i va dezvolta planuri de implementare pentru noi mecanisme de cooperare care abordeaz\u0103 lacunele \u0219i oportunit\u0103\u021bile \u00een \u00eenv\u0103\u021barea adul\u021bilor \u0219i sprijin\u0103 cursan\u021bii adul\u021bi cu nivel scazut de competente si slab califica\u021bi.<\/span><\/p>\n<\/div>\n<p><a href=\"\/ro\/about#results\"><\/a><\/p>\n<\/div>\n<div>\n<p>        <img decoding=\"async\" src=\"\/wp-content\/uploads\/2023\/03\/about-icons-11.png\" alt=\"\"><\/p>\n<h4>Metodologie <\/h4>\n<div>\n<p><span>Metodologia proiectului &#8221;Partner UP&#8221; este ghidat\u0103 de principiile democra\u021biei \u0219i particip\u0103rii, eficien\u021bei, durabilit\u0103\u021bii \u0219i transferabilit\u0103\u021bii, cercet\u0103rii \u0219i analizei bazate pe dovezi, realizabilitatea \u0219i flexibilitatea pentru a se asigura c\u0103 partenerii lucreaz\u0103 \u00eempreun\u0103 eficient \u0219i creeaz\u0103 solu\u021bii relevante \u0219i transferabile.<\/span><\/p>\n<\/div>\n<p><a href=\"\/about#methodology\"><\/a><\/p>\n<\/div>\n<p><img decoding=\"async\" src=\"\/wp-content\/uploads\/2023\/03\/vurtual-map-home-12.png\" alt=\"\"><\/p>\n<h2><span>Harta virtual\u0103<\/span><\/h2>\n<div>\n<p><span>Harta virtual\u0103 va g\u0103zdui un depozit de resurse pentru educa\u021bia adul\u021bilor, inclusiv analize, planuri de implementare, rapoarte na\u021bionale, bune practici, recomand\u0103ri de politici, lec\u021bii \u00eenv\u0103\u021bate \u0219i rapoarte ale altor activit\u0103\u021bi din ini\u021biativele proiectului nostru. R\u0103m\u00e2ne\u021bi conectati pentru lansarea oficial\u0103 a acestei platforme, care va fi un instrument valoros pentru to\u021bi cei interesa\u021bi de \u00eembun\u0103t\u0103\u021birea \u00eenv\u0103\u021b\u0103rii adul\u021bilor \u0219i de sprijinirea cursan\u021bilor adul\u021bi cu nivel scazut de competente si slab califica\u021bi.<\/span><\/p>\n<\/div>\n<h2><span data-sheets-value=\"{&quot;1&quot;:2,&quot;2&quot;:&quot;Noutati&quot;}\" data-sheets-userformat=\"{&quot;2&quot;:14641,&quot;3&quot;:{&quot;1&quot;:0,&quot;3&quot;:1},&quot;7&quot;:{&quot;1&quot;:[{&quot;1&quot;:2,&quot;2&quot;:0,&quot;5&quot;:{&quot;1&quot;:2,&quot;2&quot;:10273509}},{&quot;1&quot;:0,&quot;2&quot;:0,&quot;3&quot;:3},{&quot;1&quot;:1,&quot;2&quot;:0,&quot;4&quot;:2}]},&quot;8&quot;:{&quot;1&quot;:[{&quot;1&quot;:2,&quot;2&quot;:0,&quot;5&quot;:{&quot;1&quot;:2,&quot;2&quot;:10273509}},{&quot;1&quot;:0,&quot;2&quot;:0,&quot;3&quot;:3},{&quot;1&quot;:1,&quot;2&quot;:0,&quot;4&quot;:2}]},&quot;11&quot;:4,&quot;14&quot;:{&quot;1&quot;:3,&quot;3&quot;:1},&quot;15&quot;:&quot;Calibri&quot;,&quot;16&quot;:11}\">Noutati<\/span><\/h2>\n<div>\n<\/div>\n<p>\n    <a href=\"\">View all news<\/a>\n<\/p>\n<p><!--more--><br \/>\n<!-- {\"type\":\"layout\",\"children\":[{\"type\":\"section\",\"props\":{\"animation\":\"fade\",\"animation_delay\":\"100\",\"class\":\"hero-section\",\"css\":\".el-section{\\n\\tbackground-color: #162b45;\\n}\",\"height\":\"percent\",\"image\":\"\",\"image_position\":\"bottom-center\",\"image_size\":\"width-1-1\",\"padding_remove_bottom\":true,\"style\":\"default\",\"title_breakpoint\":\"xl\",\"title_position\":\"top-left\",\"title_rotation\":\"left\",\"vertical_align\":\"middle\",\"width\":\"default\"},\"children\":[{\"type\":\"row\",\"children\":[{\"type\":\"column\",\"props\":{\"image_position\":\"center-center\",\"media_overlay_gradient\":\"\",\"position_sticky_breakpoint\":\"m\"},\"children\":[{\"type\":\"headline\",\"props\":{\"animation\":\"slide-bottom-medium\",\"content\":\"<span data-sheets-value=\\\"{&quot;1&quot;:2,&quot;2&quot;:&quot;PARTENERIATE \\u0218I IMPLICAREA STAKEHOLDERS PENTRU C\\u0102I DE PERFEC\\u021aIONARE&quot;}\\\" data-sheets-userformat=\\\"{&quot;2&quot;:14641,&quot;3&quot;:{&quot;1&quot;:0,&quot;3&quot;:1},&quot;7&quot;:{&quot;1&quot;:[{&quot;1&quot;:2,&quot;2&quot;:0,&quot;5&quot;:{&quot;1&quot;:2,&quot;2&quot;:10273509}},{&quot;1&quot;:0,&quot;2&quot;:0,&quot;3&quot;:3},{&quot;1&quot;:1,&quot;2&quot;:0,&quot;4&quot;:2}]},&quot;8&quot;:{&quot;1&quot;:[{&quot;1&quot;:2,&quot;2&quot;:0,&quot;5&quot;:{&quot;1&quot;:2,&quot;2&quot;:10273509}},{&quot;1&quot;:0,&quot;2&quot;:0,&quot;3&quot;:3},{&quot;1&quot;:1,&quot;2&quot;:0,&quot;4&quot;:2}]},&quot;11&quot;:4,&quot;14&quot;:{&quot;1&quot;:3,&quot;3&quot;:1},&quot;15&quot;:&quot;Calibri&quot;,&quot;16&quot;:11}\\\">PARTENERIATE \\u0218I IMPLICAREA STAKEHOLDERS PENTRU C\\u0102I DE PERFEC\\u021aIONARE<\\\/span>\",\"css\":\".el-element{\\n\\tcolor:#fff;\\n    font-weight: 600;\\n}\",\"margin_remove_bottom\":true,\"position_top\":\"0\",\"text_align\":\"center\",\"title_element\":\"h1\",\"title_style\":\"h1\"}},{\"type\":\"image\",\"props\":{\"animation\":\"scale-up\",\"image\":\"wp-content\\\/uploads\\\/2023\\\/03\\\/hero-intro-13.png\",\"image_svg_color\":\"emphasis\",\"margin\":\"large\",\"margin_remove_bottom\":false}},{\"type\":\"social\",\"props\":{\"animation\":\"slide-right-medium\",\"class\":\"social-fixed\",\"grid\":\"horizontal\",\"grid_gap\":\"small\",\"link_style\":\"button\",\"link_target\":true,\"margin\":\"default\"},\"children\":[{\"type\":\"social_item\",\"props\":{\"icon\":\"facebook\",\"link\":\"https:\\\/\\\/www.facebook.com\\\/partnerupeu\\\/\"}},{\"type\":\"social_item\",\"props\":{\"icon\":\"twitter\",\"link\":\"https:\\\/\\\/twitter.com\\\/partnerupeu\"}}]}]}]}]},{\"type\":\"section\",\"props\":{\"animation\":\"slide-bottom-small\",\"animation_delay\":\"150\",\"image\":\"wp-content\\\/uploads\\\/2023\\\/03\\\/bottom-wave-2-08.png\",\"image_position\":\"top-center\",\"image_size\":\"width-1-1\",\"padding\":\"small\",\"padding_remove_top\":true,\"style\":\"default\",\"title_breakpoint\":\"xl\",\"title_position\":\"top-left\",\"title_rotation\":\"left\",\"vertical_align\":\"middle\",\"width\":\"default\"},\"children\":[{\"type\":\"row\",\"props\":{\"layout\":\"1-3,1-3,1-3\",\"margin\":\"large\",\"match\":true},\"children\":[{\"type\":\"column\",\"props\":{\"image_position\":\"center-center\",\"media_overlay_gradient\":\"\",\"position_sticky_breakpoint\":\"m\",\"width_medium\":\"1-3\"},\"children\":[{\"type\":\"panel\",\"props\":{\"animation\":\"slide-bottom-small\",\"content\":\"\n\n<p><span>Partner UP doreste s\\u0103 \\u00eembun\\u0103t\\u0103\\u021beasc\\u0103 implementarea c\\u0103ilor de perfec\\u021bionare, s\\u0103 creasc\\u0103 participarea cursan\\u021bilor adul\\u021bi la oportunit\\u0103\\u021bile de \\u00eenv\\u0103\\u021bare pe tot parcursul vie\\u021bii \\u0219i s\\u0103 promoveze cooperarea \\u00eentre p\\u0103r\\u021bile interesate relevante<\\\/span><\\\/p>\",\"content_column_breakpoint\":\"m\",\"content_margin\":\"small\",\"css\":\".el-element{\\n\\tbackground-color: #fff;\\n    border-radius: 60px;\\n    padding: 30px;\\n    box-shadow: 0px 0px 10px 0px #acbfef;\\n}\\n.el-title{\\n\\tfont-weight: 600;\\n}\",\"icon_width\":80,\"image\":\"wp-content\\\/uploads\\\/2023\\\/03\\\/about-icons-09.png\",\"image_align\":\"top\",\"image_grid_breakpoint\":\"m\",\"image_grid_width\":\"1-2\",\"image_svg_color\":\"emphasis\",\"link\":\"ro\\\/about#objectives\",\"link_style\":\"primary\",\"link_text\":\"\",\"margin\":\"default\",\"meta_align\":\"below-title\",\"meta_element\":\"div\",\"meta_style\":\"text-meta\",\"panel_link\":true,\"panel_padding\":\"small\",\"panel_style\":\"card-default\",\"title\":\"Obiective \",\"title_align\":\"top\",\"title_color\":\"success\",\"title_element\":\"h4\",\"title_grid_breakpoint\":\"m\",\"title_grid_width\":\"1-2\",\"title_hover_style\":\"reset\"}}]},{\"type\":\"column\",\"props\":{\"image_position\":\"center-center\",\"media_overlay_gradient\":\"\",\"position_sticky_breakpoint\":\"m\",\"width_medium\":\"1-3\"},\"children\":[{\"type\":\"panel\",\"props\":{\"animation\":\"slide-bottom-small\",\"content\":\"\n\n<p><span>Proiectul va efectua analize \\u0219i consult\\u0103ri cu p\\u0103r\\u021bile interesate, va organiza vizite de studiu pentru \\u00eenv\\u0103\\u021barea reciproca \\u0219i va dezvolta planuri de implementare pentru noi mecanisme de cooperare care abordeaz\\u0103 lacunele \\u0219i oportunit\\u0103\\u021bile \\u00een \\u00eenv\\u0103\\u021barea adul\\u021bilor \\u0219i sprijin\\u0103 cursan\\u021bii adul\\u021bi cu nivel scazut de competente si slab califica\\u021bi.<\\\/span><\\\/p>\",\"content_column_breakpoint\":\"m\",\"content_margin\":\"small\",\"css\":\".el-element{\\n\\tbackground-color: #fff;\\n    border-radius: 60px;\\n    padding: 30px;\\n    box-shadow: 0px 0px 10px 0px #acbfef;\\n}\\n.el-title{\\n\\tfont-weight: 600;\\n}\",\"icon_width\":80,\"image\":\"wp-content\\\/uploads\\\/2023\\\/03\\\/about-icons-10.png\",\"image_align\":\"top\",\"image_grid_breakpoint\":\"m\",\"image_grid_width\":\"1-2\",\"image_svg_color\":\"emphasis\",\"link\":\"ro\\\/about#results\",\"link_style\":\"primary\",\"link_text\":\"\",\"margin\":\"default\",\"meta_align\":\"below-title\",\"meta_element\":\"div\",\"meta_style\":\"text-meta\",\"panel_link\":true,\"panel_padding\":\"small\",\"panel_style\":\"card-default\",\"title\":\"Rezultate \",\"title_align\":\"top\",\"title_color\":\"success\",\"title_element\":\"h4\",\"title_grid_breakpoint\":\"m\",\"title_grid_width\":\"1-2\",\"title_hover_style\":\"reset\"}}]},{\"type\":\"column\",\"props\":{\"image_position\":\"center-center\",\"media_overlay_gradient\":\"\",\"position_sticky_breakpoint\":\"m\",\"width_medium\":\"1-3\"},\"children\":[{\"type\":\"panel\",\"props\":{\"animation\":\"slide-bottom-small\",\"content\":\"\n\n<p><span>Metodologia proiectului ''Partner UP'' este ghidat\\u0103 de principiile democra\\u021biei \\u0219i particip\\u0103rii, eficien\\u021bei, durabilit\\u0103\\u021bii \\u0219i transferabilit\\u0103\\u021bii, cercet\\u0103rii \\u0219i analizei bazate pe dovezi, realizabilitatea \\u0219i flexibilitatea pentru a se asigura c\\u0103 partenerii lucreaz\\u0103 \\u00eempreun\\u0103 eficient \\u0219i creeaz\\u0103 solu\\u021bii relevante \\u0219i transferabile.<\\\/span><\\\/p>\",\"content_column_breakpoint\":\"m\",\"content_margin\":\"small\",\"css\":\".el-element{\\n\\tbackground-color: #fff;\\n    border-radius: 60px;\\n    padding: 30px;\\n    box-shadow: 0px 0px 10px 0px #acbfef;\\n}\\n.el-title{\\n\\tfont-weight: 600;\\n}\",\"icon_width\":80,\"image\":\"wp-content\\\/uploads\\\/2023\\\/03\\\/about-icons-11.png\",\"image_align\":\"top\",\"image_grid_breakpoint\":\"m\",\"image_grid_width\":\"1-2\",\"image_svg_color\":\"emphasis\",\"link\":\"\\\/about#methodology\",\"link_style\":\"primary\",\"link_text\":\"\",\"margin\":\"default\",\"meta_align\":\"below-title\",\"meta_element\":\"div\",\"meta_style\":\"text-meta\",\"panel_link\":true,\"panel_padding\":\"small\",\"panel_style\":\"card-default\",\"title\":\"Metodologie \",\"title_align\":\"top\",\"title_color\":\"success\",\"title_element\":\"h4\",\"title_grid_breakpoint\":\"m\",\"title_grid_width\":\"1-2\",\"title_hover_style\":\"reset\"}}]}]}]},{\"type\":\"section\",\"props\":{\"animation\":\"fade\",\"animation_delay\":\"150\",\"css\":\".el-section{\\n\\tpadding-top: 70px;\\n}\",\"image\":\"wp-content\\\/uploads\\\/2023\\\/03\\\/top-wave2-14.png\",\"image_position\":\"bottom-center\",\"image_size\":\"width-1-1\",\"padding\":\"xlarge\",\"padding_remove_top\":true,\"style\":\"default\",\"title_breakpoint\":\"xl\",\"title_position\":\"top-left\",\"title_rotation\":\"left\",\"vertical_align\":\"middle\",\"width\":\"default\"},\"children\":[{\"type\":\"row\",\"props\":{\"layout\":\"1-3,2-3\",\"margin\":\"default\",\"margin_remove_top\":true},\"children\":[{\"type\":\"column\",\"props\":{\"image_position\":\"center-center\",\"media_overlay_gradient\":\"\",\"position_sticky_breakpoint\":\"m\",\"vertical_align\":\"middle\",\"width_medium\":\"1-3\",\"width_small\":\"1-3\"},\"children\":[{\"type\":\"image\",\"props\":{\"animation\":\"scale-up\",\"image\":\"wp-content\\\/uploads\\\/2023\\\/03\\\/vurtual-map-home-12.png\",\"image_svg_color\":\"emphasis\",\"margin\":\"default\"}}]},{\"type\":\"column\",\"props\":{\"image_position\":\"center-center\",\"media_overlay_gradient\":\"\",\"position_sticky_breakpoint\":\"m\",\"vertical_align\":\"middle\",\"width_medium\":\"2-3\",\"width_small\":\"2-3\"},\"children\":[{\"type\":\"headline\",\"props\":{\"animation\":\"slide-bottom-small\",\"content\":\"<span>Harta virtual\\u0103<\\\/span>\",\"css\":\".el-element{\\n\\tfont-weight: 600;\\n}\",\"title_color\":\"secondary\",\"title_element\":\"h2\",\"title_style\":\"h2\"}},{\"type\":\"text\",\"props\":{\"animation\":\"slide-bottom-small\",\"column_breakpoint\":\"m\",\"content\":\"\n\n<p><span>Harta virtual\\u0103 va g\\u0103zdui un depozit de resurse pentru educa\\u021bia adul\\u021bilor, inclusiv analize, planuri de implementare, rapoarte na\\u021bionale, bune practici, recomand\\u0103ri de politici, lec\\u021bii \\u00eenv\\u0103\\u021bate \\u0219i rapoarte ale altor activit\\u0103\\u021bi din ini\\u021biativele proiectului nostru. R\\u0103m\\u00e2ne\\u021bi conectati pentru lansarea oficial\\u0103 a acestei platforme, care va fi un instrument valoros pentru to\\u021bi cei interesa\\u021bi de \\u00eembun\\u0103t\\u0103\\u021birea \\u00eenv\\u0103\\u021b\\u0103rii adul\\u021bilor \\u0219i de sprijinirea cursan\\u021bilor adul\\u021bi cu nivel scazut de competente si slab califica\\u021bi.<\\\/span><\\\/p>\",\"margin\":\"default\"}}]}]}]},{\"type\":\"section\",\"props\":{\"animation\":\"fade\",\"animation_delay\":\"150\",\"css\":\".el-section{\\n\\tbackground-color: #162b45;\\n\\t}\",\"image\":\"\",\"image_position\":\"top-center\",\"image_size\":\"width-1-1\",\"padding\":\"small\",\"padding_remove_top\":true,\"style\":\"default\",\"title_breakpoint\":\"xl\",\"title_position\":\"top-left\",\"title_rotation\":\"left\",\"vertical_align\":\"middle\",\"width\":\"default\"},\"children\":[{\"type\":\"row\",\"children\":[{\"type\":\"column\",\"props\":{\"image_position\":\"center-center\",\"media_overlay_gradient\":\"\",\"position_sticky_breakpoint\":\"m\"},\"children\":[{\"type\":\"headline\",\"props\":{\"animation\":\"slide-bottom-small\",\"content\":\"<span data-sheets-value=\\\"{&quot;1&quot;:2,&quot;2&quot;:&quot;Noutati&quot;}\\\" data-sheets-userformat=\\\"{&quot;2&quot;:14641,&quot;3&quot;:{&quot;1&quot;:0,&quot;3&quot;:1},&quot;7&quot;:{&quot;1&quot;:[{&quot;1&quot;:2,&quot;2&quot;:0,&quot;5&quot;:{&quot;1&quot;:2,&quot;2&quot;:10273509}},{&quot;1&quot;:0,&quot;2&quot;:0,&quot;3&quot;:3},{&quot;1&quot;:1,&quot;2&quot;:0,&quot;4&quot;:2}]},&quot;8&quot;:{&quot;1&quot;:[{&quot;1&quot;:2,&quot;2&quot;:0,&quot;5&quot;:{&quot;1&quot;:2,&quot;2&quot;:10273509}},{&quot;1&quot;:0,&quot;2&quot;:0,&quot;3&quot;:3},{&quot;1&quot;:1,&quot;2&quot;:0,&quot;4&quot;:2}]},&quot;11&quot;:4,&quot;14&quot;:{&quot;1&quot;:3,&quot;3&quot;:1},&quot;15&quot;:&quot;Calibri&quot;,&quot;16&quot;:11}\\\">Noutati<\\\/span>\",\"css\":\".el-element{\\n\\tcolor: #fff;\\n    font-weight: 600;\\n}\",\"text_align\":\"center\",\"title_element\":\"h2\",\"title_style\":\"h2\"}},{\"type\":\"grid\",\"props\":{\"animation\":\"slide-bottom-small\",\"class\":\"news-grid\",\"content_column_breakpoint\":\"m\",\"css\":\".uk-child-width-1-1.uk-child-width-1-3\\\\@m.uk-grid-match.uk-grid {\\n  display: flex;\\n  justify-content: center;\\n}\",\"filter_align\":\"left\",\"filter_all\":true,\"filter_grid_breakpoint\":\"m\",\"filter_grid_width\":\"auto\",\"filter_position\":\"top\",\"filter_style\":\"tab\",\"grid_default\":\"1\",\"grid_medium\":\"3\",\"icon_width\":80,\"image_align\":\"top\",\"image_grid_breakpoint\":\"m\",\"image_grid_width\":\"1-2\",\"image_svg_color\":\"emphasis\",\"item_animation\":true,\"link_style\":\"secondary\",\"link_text\":\"\",\"margin\":\"default\",\"meta_align\":\"below-title\",\"meta_element\":\"div\",\"meta_style\":\"text-meta\",\"panel_link\":true,\"panel_style\":\"card-default\",\"parallax_easing\":\"1\",\"show_content\":true,\"show_image\":true,\"show_link\":true,\"show_meta\":true,\"show_title\":true,\"title_align\":\"top\",\"title_element\":\"h3\",\"title_grid_breakpoint\":\"m\",\"title_grid_width\":\"1-2\",\"title_hover_style\":\"reset\"},\"children\":[{\"type\":\"grid_item\",\"props\":{\"link_text\":\"\"},\"source\":{\"query\":{\"name\":\"posts.customPosts\",\"arguments\":{\"terms\":[84],\"category_operator\":\"IN\",\"post_tag_operator\":\"IN\",\"users\":[],\"users_operator\":\"IN\",\"offset\":0,\"limit\":10,\"order\":\"date\",\"order_direction\":\"DESC\"}},\"props\":{\"title\":{\"filters\":{\"search\":\"\"},\"name\":\"title\"},\"content\":{\"filters\":{\"search\":\"\"},\"name\":\"excerpt\"},\"image\":{\"filters\":{\"search\":\"\"},\"name\":\"featuredImage.url\"},\"link\":{\"filters\":{\"search\":\"\"},\"name\":\"link\"}}}}]},{\"type\":\"button\",\"props\":{\"animation\":\"slide-bottom-small\",\"grid_column_gap\":\"small\",\"grid_row_gap\":\"small\",\"margin\":\"default\",\"text_align\":\"center\"},\"children\":[{\"type\":\"button_item\",\"props\":{\"button_style\":\"primary\",\"content\":\"[all_news_header]\",\"icon_align\":\"left\"},\"source\":{\"query\":{\"name\":\"categories.customCategories\",\"arguments\":{\"id\":0,\"offset\":0,\"limit\":1,\"order\":\"term_order\",\"order_direction\":\"ASC\"}},\"props\":{\"link\":{\"filters\":{\"search\":\"\"},\"name\":\"link\"}}}}]}]}]}]}],\"version\":\"3.0.20\"} --><\/p>\n","protected":false},"excerpt":{"rendered":"<p>PARTENERIATE \u0218I IMPLICAREA STAKEHOLDERS PENTRU C\u0102I DE PERFEC\u021aIONARE facebook twitter Obiective Partner UP doreste s\u0103 \u00eembun\u0103t\u0103\u021beasc\u0103 implementarea c\u0103ilor de perfec\u021bionare, s\u0103 creasc\u0103 participarea cursan\u021bilor adul\u021bi..<\/p>\n","protected":false},"author":1,"featured_media":0,"parent":0,"menu_order":0,"comment_status":"closed","ping_status":"closed","template":"","meta":{"_acf_changed":false,"footnotes":""},"class_list":["post-1264","page","type-page","status-publish","hentry"],"acf":[],"_links":{"self":[{"href":"https:\/\/partnerup-project.eu\/ro\/wp-json\/wp\/v2\/pages\/1264","targetHints":{"allow":["GET"]}}],"collection":[{"href":"https:\/\/partnerup-project.eu\/ro\/wp-json\/wp\/v2\/pages"}],"about":[{"href":"https:\/\/partnerup-project.eu\/ro\/wp-json\/wp\/v2\/types\/page"}],"author":[{"embeddable":true,"href":"https:\/\/partnerup-project.eu\/ro\/wp-json\/wp\/v2\/users\/1"}],"replies":[{"embeddable":true,"href":"https:\/\/partnerup-project.eu\/ro\/wp-json\/wp\/v2\/comments?post=1264"}],"version-history":[{"count":2,"href":"https:\/\/partnerup-project.eu\/ro\/wp-json\/wp\/v2\/pages\/1264\/revisions"}],"predecessor-version":[{"id":1361,"href":"https:\/\/partnerup-project.eu\/ro\/wp-json\/wp\/v2\/pages\/1264\/revisions\/1361"}],"wp:attachment":[{"href":"https:\/\/partnerup-project.eu\/ro\/wp-json\/wp\/v2\/media?parent=1264"}],"curies":[{"name":"wp","href":"https:\/\/api.w.org\/{rel}","templated":true}]}}