{"id":3522,"date":"2024-11-08T10:18:21","date_gmt":"2024-11-08T10:18:21","guid":{"rendered":"https:\/\/partnerup-project.eu\/road-map\/"},"modified":"2025-03-27T06:45:14","modified_gmt":"2025-03-27T06:45:14","slug":"road-map","status":"publish","type":"page","link":"https:\/\/partnerup-project.eu\/lv\/road-map\/","title":{"rendered":"Road Map"},"content":{"rendered":"<h1>Ce\u013cve\u017ei prasmju pilnveidei<\/h1>\n<div>\n<p>\u0160eit sniegtajos valstu ce\u013cve\u017eos ir izkl\u0101st\u012bti galvenie sadarb\u012bbas meh\u0101nismi, lai atbalst\u012btu prasmju uzlabo\u0161anas ce\u013cu (UP) politikas veiksm\u012bgu \u012bsteno\u0161anu. \u0160ie ce\u013cve\u017ei, kas izstr\u0101d\u0101ti struktur\u0113t\u0101 proces\u0101, iesaistot valstu partnerus, att\u012bst\u012bbas grupas un apsprie\u017eoties ar ieinteres\u0113taj\u0101m pus\u0113m, nodro\u0161ina elast\u012bgu sist\u0113mu, nevis stingru soli pa solim pl\u0101nu. Tie atspogu\u013co katras valsts konteksta realit\u0101ti, atz\u012bstot, ka m\u0113r\u0137i bie\u017ei p\u0101rkl\u0101jas un ka to \u012bsteno\u0161ana ir atkar\u012bga no pieejamajiem resursiem, eso\u0161aj\u0101m strukt\u016br\u0101m un valstij specifisk\u0101m probl\u0113m\u0101m. Ce\u013cve\u017ei tika veidoti vair\u0101k\u0101s diskusij\u0101s ar ieinteres\u0113taj\u0101m pus\u0113m, lai identific\u0113tu \u0161\u0137\u0113r\u0161\u013cus, ierosin\u0101tu risin\u0101jumus un iez\u012bm\u0113tu konkr\u0113tas darb\u012bbas, lai uzlabotu sadarb\u012bbu starp izgl\u012bt\u012bbas nodro\u0161in\u0101t\u0101jiem, darba dev\u0113jiem, valsts a\u0123ent\u016br\u0101m un pilsonisko sabiedr\u012bbu. Turkl\u0101t tika izstr\u0101d\u0101ts Eiropas ce\u013cvedis, lai ierosin\u0101tu sadarb\u012bbas meh\u0101nismus ES l\u012bmen\u012b, papildinot valstu centienus.<\/p>\n<p>\u0160ie ce\u013cve\u017ei kalpo k\u0101 praktiski instrumenti, ko ieinteres\u0113t\u0101s puses var piel\u0101got sav\u0101m vajadz\u012bb\u0101m, pal\u012bdzot t\u0101m struktur\u0113t partner\u012bbas, defin\u0113t pien\u0101kumus un pl\u0101not darb\u012bbas, kas uzlabo piek\u013cuvi prasmju uzlabo\u0161anas iesp\u0113j\u0101m. Tie var atbalst\u012bt politikas veidot\u0101jus iniciat\u012bvu saska\u0146o\u0161an\u0101 ar pla\u0161\u0101k\u0101m valsts un Eiropas strat\u0113\u0123ij\u0101m, k\u0101 ar\u012b vad\u012bt izgl\u012bt\u012bbas sniedz\u0113jus un darba dev\u0113jus m\u0113r\u0137tiec\u012bgu m\u0101c\u012bbu iesp\u0113ju pied\u0101v\u0101\u0161an\u0101. Izmantojot \u0161os ce\u013cve\u017eus, ieinteres\u0113t\u0101s puses var stiprin\u0101t koordin\u0101ciju, uzlabot saskarsmi ar pieaugu\u0161ajiem ar zemu kvalifik\u0101ciju un izveidot efekt\u012bv\u0101kas m\u016b\u017eizgl\u012bt\u012bbas sist\u0113mas, kas atbilst darba tirgus pras\u012bb\u0101m un sabiedr\u012bbas vajadz\u012bb\u0101m.<\/p>\n<\/div>\n<div>\n<div class=\"roadmap-container\">\n<div class=\"milestone\">\n            <img decoding=\"async\" src=\"\/wp-content\/uploads\/2025\/02\/eu-flag.png\" alt=\"Europian Union\" class=\"flag\"><br \/>\n            <span class=\"label\"><a href=\"https:\/\/partnerup-project.eu\/wp-content\/uploads\/roadmap\/lv\/eu\/story.html\" target=\"_blank\">ES<\/a><\/span>\n        <\/div>\n<div class=\"milestone\">\n            <img decoding=\"async\" src=\"\/wp-content\/uploads\/2023\/06\/cy-noline.png\" alt=\"Cyprus\" class=\"flag\"><br \/>\n            <span class=\"label\"><a href=\"https:\/\/partnerup-project.eu\/wp-content\/uploads\/roadmap\/lv\/cy\/story.html\" target=\"_blank\">KIPRA<\/a><\/span>\n        <\/div>\n<div class=\"milestone\">\n            <img decoding=\"async\" src=\"\/wp-content\/uploads\/2023\/06\/lv-noline.png\" alt=\"Latvia\" class=\"flag\"><br \/>\n            <span class=\"label\"><a href=\"https:\/\/partnerup-project.eu\/wp-content\/uploads\/roadmap\/lv\/lv\/story.html\" target=\"_blank\">LATVIJA<\/a><\/span>\n        <\/div>\n<div class=\"milestone\">\n            <img decoding=\"async\" src=\"\/wp-content\/uploads\/2023\/06\/hr-noline.png\" alt=\"Croatia\" class=\"flag\"><br \/>\n            <span class=\"label\"><a href=\"https:\/\/partnerup-project.eu\/wp-content\/uploads\/roadmap\/lv\/hr\/story.html\" target=\"_blank\">HORV\u0100TIJA<\/a><\/span>\n        <\/div>\n<div class=\"milestone\">\n            <img decoding=\"async\" src=\"\/wp-content\/uploads\/2023\/06\/ro-noline.png\" alt=\"Romania\" class=\"flag\"><br \/>\n            <span class=\"label\"><a href=\"https:\/\/partnerup-project.eu\/wp-content\/uploads\/roadmap\/lv\/ro\/story.html\" target=\"_blank\">RUM\u0100NIJA<\/a><\/span>\n        <\/div>\n<div class=\"milestone\">\n            <img decoding=\"async\" src=\"\/wp-content\/uploads\/2023\/06\/gr-noline.png\" alt=\"Greece\" class=\"flag\"><br \/>\n            <span class=\"label\"><a href=\"https:\/\/partnerup-project.eu\/wp-content\/uploads\/roadmap\/lv\/gr\/story.html\" target=\"_blank\">GRIE\u0136IJA<\/a><\/span>\n        <\/div>\n<div class=\"milestone\">\n            <img decoding=\"async\" src=\"\/wp-content\/uploads\/2023\/06\/it-noline.png\" alt=\"Italy\" class=\"flag\"><br \/>\n            <span class=\"label\"><a href=\"https:\/\/partnerup-project.eu\/wp-content\/uploads\/roadmap\/lv\/it\/story.html\" target=\"_blank\">IT\u0100LIJA<\/a><\/span>\n        <\/div>\n<\/p><\/div>\n<\/div>\n<p><!--more--><br \/>\n<!-- {\"type\":\"layout\",\"children\":[{\"type\":\"section\",\"props\":{\"image_position\":\"center-center\",\"style\":\"default\",\"title_breakpoint\":\"xl\",\"title_position\":\"top-left\",\"title_rotation\":\"left\",\"vertical_align\":\"middle\",\"width\":\"default\"},\"children\":[{\"type\":\"row\",\"children\":[{\"type\":\"column\",\"props\":{\"image_position\":\"center-center\",\"position_sticky_breakpoint\":\"m\"},\"children\":[{\"type\":\"headline\",\"props\":{\"content\":\"Ce\\u013cve\\u017ei prasmju pilnveidei\",\"title_color\":\"secondary\",\"title_element\":\"h1\"}},{\"type\":\"breadcrumbs\",\"props\":{\"show_current\":true,\"show_home\":true}}]}]},{\"type\":\"row\",\"children\":[{\"type\":\"column\",\"props\":{\"image_position\":\"center-center\",\"position_sticky_breakpoint\":\"m\"},\"children\":[{\"type\":\"text\",\"props\":{\"column_breakpoint\":\"m\",\"content\":\"\n\n<p>\\u0160eit sniegtajos valstu ce\\u013cve\\u017eos ir izkl\\u0101st\\u012bti galvenie sadarb\\u012bbas meh\\u0101nismi, lai atbalst\\u012btu prasmju uzlabo\\u0161anas ce\\u013cu (UP) politikas veiksm\\u012bgu \\u012bsteno\\u0161anu. \\u0160ie ce\\u013cve\\u017ei, kas izstr\\u0101d\\u0101ti struktur\\u0113t\\u0101 proces\\u0101, iesaistot valstu partnerus, att\\u012bst\\u012bbas grupas un apsprie\\u017eoties ar ieinteres\\u0113taj\\u0101m pus\\u0113m, nodro\\u0161ina elast\\u012bgu sist\\u0113mu, nevis stingru soli pa solim pl\\u0101nu. Tie atspogu\\u013co katras valsts konteksta realit\\u0101ti, atz\\u012bstot, ka m\\u0113r\\u0137i bie\\u017ei p\\u0101rkl\\u0101jas un ka to \\u012bsteno\\u0161ana ir atkar\\u012bga no pieejamajiem resursiem, eso\\u0161aj\\u0101m strukt\\u016br\\u0101m un valstij specifisk\\u0101m probl\\u0113m\\u0101m. Ce\\u013cve\\u017ei tika veidoti vair\\u0101k\\u0101s diskusij\\u0101s ar ieinteres\\u0113taj\\u0101m pus\\u0113m, lai identific\\u0113tu \\u0161\\u0137\\u0113r\\u0161\\u013cus, ierosin\\u0101tu risin\\u0101jumus un iez\\u012bm\\u0113tu konkr\\u0113tas darb\\u012bbas, lai uzlabotu sadarb\\u012bbu starp izgl\\u012bt\\u012bbas nodro\\u0161in\\u0101t\\u0101jiem, darba dev\\u0113jiem, valsts a\\u0123ent\\u016br\\u0101m un pilsonisko sabiedr\\u012bbu. Turkl\\u0101t tika izstr\\u0101d\\u0101ts Eiropas ce\\u013cvedis, lai ierosin\\u0101tu sadarb\\u012bbas meh\\u0101nismus ES l\\u012bmen\\u012b, papildinot valstu centienus.<\\\/p>\\n\n\n<p>\\u0160ie ce\\u013cve\\u017ei kalpo k\\u0101 praktiski instrumenti, ko ieinteres\\u0113t\\u0101s puses var piel\\u0101got sav\\u0101m vajadz\\u012bb\\u0101m, pal\\u012bdzot t\\u0101m struktur\\u0113t partner\\u012bbas, defin\\u0113t pien\\u0101kumus un pl\\u0101not darb\\u012bbas, kas uzlabo piek\\u013cuvi prasmju uzlabo\\u0161anas iesp\\u0113j\\u0101m. Tie var atbalst\\u012bt politikas veidot\\u0101jus iniciat\\u012bvu saska\\u0146o\\u0161an\\u0101 ar pla\\u0161\\u0101k\\u0101m valsts un Eiropas strat\\u0113\\u0123ij\\u0101m, k\\u0101 ar\\u012b vad\\u012bt izgl\\u012bt\\u012bbas sniedz\\u0113jus un darba dev\\u0113jus m\\u0113r\\u0137tiec\\u012bgu m\\u0101c\\u012bbu iesp\\u0113ju pied\\u0101v\\u0101\\u0161an\\u0101. Izmantojot \\u0161os ce\\u013cve\\u017eus, ieinteres\\u0113t\\u0101s puses var stiprin\\u0101t koordin\\u0101ciju, uzlabot saskarsmi ar pieaugu\\u0161ajiem ar zemu kvalifik\\u0101ciju un izveidot efekt\\u012bv\\u0101kas m\\u016b\\u017eizgl\\u012bt\\u012bbas sist\\u0113mas, kas atbilst darba tirgus pras\\u012bb\\u0101m un sabiedr\\u012bbas vajadz\\u012bb\\u0101m.<\\\/p>\",\"margin\":\"default\"}}]}]}]},{\"type\":\"section\",\"props\":{\"css\":\".el-section{\\n\\tbackground: #162b45;\\n}\",\"image_position\":\"center-center\",\"padding_remove_bottom\":false,\"style\":\"default\",\"title_breakpoint\":\"xl\",\"title_position\":\"top-left\",\"title_rotation\":\"left\",\"vertical_align\":\"middle\",\"width\":\"default\"},\"children\":[{\"type\":\"row\",\"children\":[{\"type\":\"column\",\"props\":{\"image_position\":\"center-center\",\"position_sticky_breakpoint\":\"m\"},\"children\":[{\"type\":\"html\",\"props\":{\"content\":\"\n\n<div class=\\\"roadmap-container\\\">\\n        \n\n<div class=\\\"milestone\\\">\\n            <img src=\\\"\\\/wp-content\\\/uploads\\\/2025\\\/02\\\/eu-flag.png\\\" alt=\\\"Europian Union\\\" class=\\\"flag\\\">\\n            <span class=\\\"label\\\"><a href=\\\"https:\\\/\\\/partnerup-project.eu\\\/wp-content\\\/uploads\\\/roadmap\\\/lv\\\/eu\\\/story.html\\\" target=\\\"_blank\\\">ES<\\\/a><\\\/span>\\n        <\\\/div>\\n        \n\n<div class=\\\"milestone\\\">            \\n            <img src=\\\"\\\/wp-content\\\/uploads\\\/2023\\\/06\\\/cy-noline.png\\\" alt=\\\"Cyprus\\\" class=\\\"flag\\\">\\n            <span class=\\\"label\\\"><a href=\\\"https:\\\/\\\/partnerup-project.eu\\\/wp-content\\\/uploads\\\/roadmap\\\/lv\\\/cy\\\/story.html\\\" target=\\\"_blank\\\">KIPRA<\\\/a><\\\/span>\\n        <\\\/div>\\n        \n\n<div class=\\\"milestone\\\">\\n            <img src=\\\"\\\/wp-content\\\/uploads\\\/2023\\\/06\\\/lv-noline.png\\\" alt=\\\"Latvia\\\" class=\\\"flag\\\">\\n            <span class=\\\"label\\\"><a href=\\\"https:\\\/\\\/partnerup-project.eu\\\/wp-content\\\/uploads\\\/roadmap\\\/lv\\\/lv\\\/story.html\\\" target=\\\"_blank\\\">LATVIJA<\\\/a><\\\/span>\\n        <\\\/div>\\n        \n\n<div class=\\\"milestone\\\">\\n            <img src=\\\"\\\/wp-content\\\/uploads\\\/2023\\\/06\\\/hr-noline.png\\\" alt=\\\"Croatia\\\" class=\\\"flag\\\">\\n            <span class=\\\"label\\\"><a href=\\\"https:\\\/\\\/partnerup-project.eu\\\/wp-content\\\/uploads\\\/roadmap\\\/lv\\\/hr\\\/story.html\\\" target=\\\"_blank\\\">HORV\\u0100TIJA<\\\/a><\\\/span>\\n        <\\\/div>\\n        \n\n<div class=\\\"milestone\\\">\\n            <img src=\\\"\\\/wp-content\\\/uploads\\\/2023\\\/06\\\/ro-noline.png\\\" alt=\\\"Romania\\\" class=\\\"flag\\\">\\n            <span class=\\\"label\\\"><a href=\\\"https:\\\/\\\/partnerup-project.eu\\\/wp-content\\\/uploads\\\/roadmap\\\/lv\\\/ro\\\/story.html\\\" target=\\\"_blank\\\">RUM\\u0100NIJA<\\\/a><\\\/span>\\n        <\\\/div>\\n        \n\n<div class=\\\"milestone\\\">\\n            <img src=\\\"\\\/wp-content\\\/uploads\\\/2023\\\/06\\\/gr-noline.png\\\" alt=\\\"Greece\\\" class=\\\"flag\\\">\\n            <span class=\\\"label\\\"><a href=\\\"https:\\\/\\\/partnerup-project.eu\\\/wp-content\\\/uploads\\\/roadmap\\\/lv\\\/gr\\\/story.html\\\" target=\\\"_blank\\\">GRIE\\u0136IJA<\\\/a><\\\/span>\\n        <\\\/div>\\n        \n\n<div class=\\\"milestone\\\">\\n            <img src=\\\"\\\/wp-content\\\/uploads\\\/2023\\\/06\\\/it-noline.png\\\" alt=\\\"Italy\\\" class=\\\"flag\\\">\\n            <span class=\\\"label\\\"><a href=\\\"https:\\\/\\\/partnerup-project.eu\\\/wp-content\\\/uploads\\\/roadmap\\\/lv\\\/it\\\/story.html\\\" target=\\\"_blank\\\">IT\\u0100LIJA<\\\/a><\\\/span>\\n        <\\\/div>\\n    <\\\/div>\\n\",\"css\":\".roadmap-container {\\n    position: relative;\\n    width: 400px;\\n    height: 1000px;\\n    background-image: url('\\\/wp-content\\\/uploads\\\/2024\\\/11\\\/road.png');\\n    background-position: center;\\n    background-size: contain;\\n    background-repeat: no-repeat;\\n    text-align: center;\\n    margin: 0 auto;\\n}\\n\\n.milestone {\\n    position: absolute;\\n  display: flex;\\n  align-items: center;\\n  margin: 25px 0;\\n  top: 4%;\\n  left: 49%;\\n  transform: translateX(-50%);\\n  \\\/\\\/animation: leftright linear infinite 2s;\\n}\\n@keyframes leftright{\\n    0%{\\n    \\tleft: 48%;\\n    }\\n    50%{\\n    \\tleft: 49%;\\n    }\\n    100%{\\n    \\tleft: 48%;\\n    }\\n}\\n.milestone:nth-of-type(2){\\n    top: 18%;\\n}\\n.milestone:nth-of-type(3){\\n    top: 31%;\\n}\\n.milestone:nth-of-type(4){\\n    top: 45%;\\n}\\n.milestone:nth-of-type(5){\\n    top: 58%;\\n}\\n.milestone:nth-of-type(6){\\n    top: 72%;\\n}\\n.milestone:nth-of-type(7){\\n    top: 86%;\\n}\\n.flag {\\n    width: 50px;\\n    height: 50px;\\n    border-radius: 50%;\\n    margin-right: 10px;\\n}\\n\\n.label {\\n    font-size: 16px;\\n    font-weight: bold;\\n    color: #fff;\\n}\\n\\n.el-element a{\\n\\tcolor: #fff;\\n    transition: all .3s;\\n}\\n.el-element a:hover{\\n\\tcolor: #007e6a;\\n}\"}}]}]}]},{\"type\":\"section\",\"props\":{\"css\":\".el-section{\\n\\tmargin: 0!important;\\n    padding-bottom: 0!important;\\n}\",\"image\":\"wp-content\\\/uploads\\\/2023\\\/03\\\/bottom-wave-2-08.png\",\"image_position\":\"top-center\",\"image_size\":\"width-1-1\",\"padding\":\"xlarge\",\"padding_remove_bottom\":false,\"style\":\"default\",\"title_breakpoint\":\"xl\",\"title_position\":\"top-left\",\"title_rotation\":\"left\",\"vertical_align\":\"middle\",\"width\":\"default\"},\"children\":[{\"type\":\"row\",\"children\":[{\"type\":\"column\",\"props\":{\"image_position\":\"center-center\",\"position_sticky_breakpoint\":\"m\"}}]}]}],\"version\":\"4.4.9\"} --><\/p>\n","protected":false},"excerpt":{"rendered":"<p>Ce\u013cve\u017ei prasmju pilnveidei \u0160eit sniegtajos valstu ce\u013cve\u017eos ir izkl\u0101st\u012bti galvenie sadarb\u012bbas meh\u0101nismi, lai atbalst\u012btu prasmju uzlabo\u0161anas ce\u013cu (UP) politikas veiksm\u012bgu \u012bsteno\u0161anu. \u0160ie ce\u013cve\u017ei, kas izstr\u0101d\u0101ti..<\/p>\n","protected":false},"author":1,"featured_media":0,"parent":0,"menu_order":0,"comment_status":"closed","ping_status":"closed","template":"","meta":{"_acf_changed":false,"footnotes":""},"class_list":["post-3522","page","type-page","status-publish","hentry"],"acf":[],"_links":{"self":[{"href":"https:\/\/partnerup-project.eu\/lv\/wp-json\/wp\/v2\/pages\/3522","targetHints":{"allow":["GET"]}}],"collection":[{"href":"https:\/\/partnerup-project.eu\/lv\/wp-json\/wp\/v2\/pages"}],"about":[{"href":"https:\/\/partnerup-project.eu\/lv\/wp-json\/wp\/v2\/types\/page"}],"author":[{"embeddable":true,"href":"https:\/\/partnerup-project.eu\/lv\/wp-json\/wp\/v2\/users\/1"}],"replies":[{"embeddable":true,"href":"https:\/\/partnerup-project.eu\/lv\/wp-json\/wp\/v2\/comments?post=3522"}],"version-history":[{"count":4,"href":"https:\/\/partnerup-project.eu\/lv\/wp-json\/wp\/v2\/pages\/3522\/revisions"}],"predecessor-version":[{"id":3544,"href":"https:\/\/partnerup-project.eu\/lv\/wp-json\/wp\/v2\/pages\/3522\/revisions\/3544"}],"wp:attachment":[{"href":"https:\/\/partnerup-project.eu\/lv\/wp-json\/wp\/v2\/media?parent=3522"}],"curies":[{"name":"wp","href":"https:\/\/api.w.org\/{rel}","templated":true}]}}