{"id":1263,"date":"2022-02-24T14:11:37","date_gmt":"2022-02-24T14:11:37","guid":{"rendered":"https:\/\/partnerup-project.eu\/home\/"},"modified":"2025-03-26T07:41:25","modified_gmt":"2025-03-26T07:41:25","slug":"home","status":"publish","type":"page","link":"https:\/\/partnerup-project.eu\/lv\/","title":{"rendered":"S\u0101kums"},"content":{"rendered":"<h1>IEINTERES\u0112TO PU\u0160U IESAIST\u012a\u0160ANA UN SADARB\u012aBA PRASMJU PILNVEIDES CE\u013bU IEVIE\u0160AN\u0100<\/h1>\n<p><img decoding=\"async\" src=\"\/wp-content\/uploads\/2023\/03\/hero-intro-13.png\" alt=\"\"><\/p>\n<ul>\n<li><a href=\"https:\/\/www.facebook.com\/partnerupeu\/\">facebook<\/a>\n<\/li>\n<li><a href=\"https:\/\/twitter.com\/partnerupeu\">twitter<\/a>\n<\/li>\n<\/ul>\n<div>\n<p>        <img decoding=\"async\" src=\"\/wp-content\/uploads\/2023\/03\/about-icons-09.png\" alt=\"\"><\/p>\n<h4>M\u0113r\u0137i <\/h4>\n<div>\n<p><span>Veicin\u0101t prasmju pilnveides ce\u013cu \u012bsteno\u0161anu, palielnot pieaugu\u0161o l\u012bdzdal\u012bbu m\u016b\u017eizgl\u012bt\u012bbas iesp\u0113ju izmanto\u0161an\u0101 un veicin\u0101t sadarb\u012bbu starp \u0161aj\u0101 proces\u0101 iesaist\u012btaj\u0101m organiz\u0101cijam un ies\u0101d\u0113m.<\/span><\/p>\n<\/div>\n<p><a href=\"\/lv\/about#objectives\"><\/a><\/p>\n<\/div>\n<div>\n<p>        <img decoding=\"async\" src=\"\/wp-content\/uploads\/2023\/03\/about-icons-10.png\" alt=\"\"><\/p>\n<h4>Pl\u0101notie rezult\u0101ti<\/h4>\n<div>\n<p><span>Projekta ietvaros tiks veikta ieinteres\u0113to pu\u0161u anal\u012bze un partneru savstarp\u0113jas konsult\u0101cijas, organiz\u0113tas studiju viz\u012btes savstarp\u0113j\u0101m m\u0101c\u012bb\u0101m un izstr\u0101d\u0101ti ievie\u0161anas pl\u0101ni jauniem sadarb\u012bbas meh\u0101nismiem, kas nov\u0113r\u0161 nepiln\u012bbas un papla\u0161ina iesp\u0113jas pieaugu\u0161o izgl\u012bt\u012bb\u0101, atbalstot pieaugu\u0161os izgl\u012btojamos ar zemu prasmju l\u012bmeni.<\/span><\/p>\n<\/div>\n<p><a href=\"\/lv\/about#results\"><\/a><\/p>\n<\/div>\n<div>\n<p>        <img decoding=\"async\" src=\"\/wp-content\/uploads\/2023\/03\/about-icons-11.png\" alt=\"\"><\/p>\n<h4>Metodolo\u0123ija<\/h4>\n<div>\n<p><span>Projekta metodolo\u0123ija ir veidota uz demokr\u0101tijas un l\u012bdzdal\u012bbas, efektivit\u0101tes, ilgtsp\u0113j\u012bbas, p\u0101rnesam\u012bbas principiem un uz pier\u0101d\u012bjumiem balst\u012btu p\u0113tniec\u012bbu un anal\u012bzi, rezult\u0101tu sasniedzam\u012bbu un elast\u012bbu, lai nodro\u0161in\u0101tu pareneru efekt\u012bvu sararb\u012bbu un sniegtu vis\u0101m iesaist\u012btaj\u0101m organiz\u0101cij\u0101m atbilsto\u0161us un pielietojamus risin\u0101jumus.<\/span><\/p>\n<\/div>\n<p><a href=\"\/lv\/about#methodology\"><\/a><\/p>\n<\/div>\n<p><img decoding=\"async\" src=\"\/wp-content\/uploads\/2023\/03\/vurtual-map-home-12.png\" alt=\"\"><\/p>\n<h2><span>Virtu\u0101l\u0101 karte<\/span><\/h2>\n<div>\n<p><span>Virtu\u0101laj\u0101 kart\u0113 atrad\u012bsies projekta \u012bsteno\u0161anas gait\u0101 sagatavoto pieaugu\u0161o izgl\u012bt\u012bbas resursu kr\u0101tuve, tostarp situ\u0101ciju anal\u012bzes partneru valst\u012bs, aktivit\u0101\u0161u \u012bsteno\u0161anas pl\u0101ni, nacion\u0101lie zi\u0146ojumi, lab\u0101k\u0101s prakses piem\u0113ri, politikas ieteikumi, g\u016bt\u0101s atzi\u0146as un inform\u0101cija par cit\u0101m projeka aktivit\u0101t\u0113m. Aicin\u0101m sekot \u0161\u012bs platformas ofici\u0101lajai atkl\u0101\u0161anai, jo paredzams, ka t\u0101 b\u016bs noder\u012bgs instruments visiem tiem, kas interes\u0113jas par pieaugu\u0161o izgl\u012bt\u012bbas uzlabo\u0161anu un pieaugu\u0161o izgl\u012btojamo ar zem\u0101m pamatprasm\u0113m atbalst\u012b\u0161anu.<\/span><\/p>\n<\/div>\n<h2><span data-sheets-value=\"{&quot;1&quot;:2,&quot;2&quot;:&quot;Jaunumi&quot;}\" data-sheets-userformat=\"{&quot;2&quot;:14641,&quot;3&quot;:{&quot;1&quot;:0,&quot;3&quot;:1},&quot;7&quot;:{&quot;1&quot;:[{&quot;1&quot;:2,&quot;2&quot;:0,&quot;5&quot;:{&quot;1&quot;:2,&quot;2&quot;:10273509}},{&quot;1&quot;:0,&quot;2&quot;:0,&quot;3&quot;:3},{&quot;1&quot;:1,&quot;2&quot;:0,&quot;4&quot;:2}]},&quot;8&quot;:{&quot;1&quot;:[{&quot;1&quot;:2,&quot;2&quot;:0,&quot;5&quot;:{&quot;1&quot;:2,&quot;2&quot;:10273509}},{&quot;1&quot;:0,&quot;2&quot;:0,&quot;3&quot;:3},{&quot;1&quot;:1,&quot;2&quot;:0,&quot;4&quot;:2}]},&quot;11&quot;:4,&quot;14&quot;:{&quot;1&quot;:3,&quot;3&quot;:1},&quot;15&quot;:&quot;Calibri&quot;,&quot;16&quot;:11}\">Jaunumi<\/span><\/h2>\n<div>\n<\/div>\n<p>\n    <a href=\"\">Skat\u012bt visus jaunumus<\/a>\n<\/p>\n<p><!--more--><br \/>\n<!-- {\"type\":\"layout\",\"children\":[{\"type\":\"section\",\"props\":{\"animation\":\"fade\",\"animation_delay\":\"100\",\"class\":\"hero-section\",\"css\":\".el-section{\\n\\tbackground-color: #162b45;\\n}\",\"height\":\"viewport\",\"height_offset_top\":true,\"height_viewport\":80,\"image_position\":\"bottom-center\",\"image_size\":\"width-1-1\",\"padding_remove_bottom\":true,\"style\":\"default\",\"title_breakpoint\":\"xl\",\"title_position\":\"top-left\",\"title_rotation\":\"left\",\"vertical_align\":\"middle\",\"width\":\"default\"},\"children\":[{\"type\":\"row\",\"children\":[{\"type\":\"column\",\"props\":{\"image_position\":\"center-center\",\"position_sticky_breakpoint\":\"m\"},\"children\":[{\"type\":\"headline\",\"props\":{\"animation\":\"slide-bottom-medium\",\"content\":\"IEINTERES\\u0112TO PU\\u0160U IESAIST\\u012a\\u0160ANA UN SADARB\\u012aBA PRASMJU PILNVEIDES CE\\u013bU IEVIE\\u0160AN\\u0100\",\"css\":\".el-element{\\n\\tcolor:#fff;\\n    font-weight: 600;\\n}\",\"margin_remove_bottom\":true,\"position_top\":\"0\",\"text_align\":\"center\",\"title_element\":\"h1\",\"title_style\":\"h1\"}},{\"type\":\"image\",\"props\":{\"animation\":\"scale-up\",\"image\":\"wp-content\\\/uploads\\\/2023\\\/03\\\/hero-intro-13.png\",\"image_svg_color\":\"emphasis\",\"margin\":\"large\",\"margin_remove_bottom\":false}},{\"type\":\"social\",\"props\":{\"animation\":\"slide-right-medium\",\"class\":\"social-fixed\",\"grid\":\"horizontal\",\"grid_column_gap\":\"small\",\"grid_row_gap\":\"small\",\"image_svg_inline\":true,\"link_style\":\"button\",\"link_target\":true,\"margin\":\"default\"},\"children\":[{\"type\":\"social_item\",\"props\":{\"icon\":\"facebook\",\"link\":\"https:\\\/\\\/www.facebook.com\\\/partnerupeu\\\/\"}},{\"type\":\"social_item\",\"props\":{\"icon\":\"twitter\",\"link\":\"https:\\\/\\\/twitter.com\\\/partnerupeu\"}}]}]}]}]},{\"type\":\"section\",\"props\":{\"animation\":\"slide-bottom-small\",\"animation_delay\":\"150\",\"image\":\"wp-content\\\/uploads\\\/2023\\\/03\\\/bottom-wave-2-08.png\",\"image_position\":\"top-center\",\"image_size\":\"width-1-1\",\"padding\":\"small\",\"padding_remove_top\":true,\"style\":\"default\",\"title_breakpoint\":\"xl\",\"title_position\":\"top-left\",\"title_rotation\":\"left\",\"vertical_align\":\"\",\"width\":\"default\"},\"children\":[{\"type\":\"row\",\"props\":{\"layout\":\"1-3,1-3,1-3\",\"margin\":\"large\"},\"children\":[{\"type\":\"column\",\"props\":{\"image_position\":\"center-center\",\"position_sticky_breakpoint\":\"m\",\"width_medium\":\"1-3\"},\"children\":[{\"type\":\"panel\",\"props\":{\"animation\":\"slide-bottom-small\",\"content\":\"\n\n<p><span>Veicin\\u0101t prasmju pilnveides ce\\u013cu \\u012bsteno\\u0161anu, palielnot pieaugu\\u0161o l\\u012bdzdal\\u012bbu m\\u016b\\u017eizgl\\u012bt\\u012bbas iesp\\u0113ju izmanto\\u0161an\\u0101 un veicin\\u0101t sadarb\\u012bbu starp \\u0161aj\\u0101 proces\\u0101 iesaist\\u012btaj\\u0101m organiz\\u0101cijam un ies\\u0101d\\u0113m.<\\\/span><\\\/p>\",\"content_column_breakpoint\":\"m\",\"content_margin\":\"small\",\"css\":\".el-element > *{\\n\\tbackground-color: #fff;\\n    border-radius: 60px;\\n    padding: 30px;\\n    box-shadow: 0px 0px 10px 0px #acbfef;\\n}\\n.el-title{\\n\\tfont-weight: 600;\\n}\",\"height_expand\":true,\"icon_width\":80,\"image\":\"wp-content\\\/uploads\\\/2023\\\/03\\\/about-icons-09.png\",\"image_align\":\"top\",\"image_grid_breakpoint\":\"m\",\"image_grid_width\":\"1-2\",\"image_svg_color\":\"emphasis\",\"link\":\"lv\\\/about#objectives\",\"link_style\":\"primary\",\"link_text\":\"\",\"margin\":\"default\",\"meta_align\":\"below-title\",\"meta_element\":\"div\",\"meta_style\":\"text-meta\",\"panel_link\":true,\"panel_padding\":\"small\",\"panel_style\":\"card-default\",\"title\":\"M\\u0113r\\u0137i \",\"title_align\":\"top\",\"title_color\":\"success\",\"title_element\":\"h4\",\"title_grid_breakpoint\":\"m\",\"title_grid_width\":\"1-2\",\"title_hover_style\":\"reset\"}}]},{\"type\":\"column\",\"props\":{\"image_position\":\"center-center\",\"position_sticky_breakpoint\":\"m\",\"width_medium\":\"1-3\"},\"children\":[{\"type\":\"panel\",\"props\":{\"animation\":\"slide-bottom-small\",\"content\":\"\n\n<p><span>Projekta ietvaros tiks veikta ieinteres\\u0113to pu\\u0161u anal\\u012bze un partneru savstarp\\u0113jas konsult\\u0101cijas, organiz\\u0113tas studiju viz\\u012btes savstarp\\u0113j\\u0101m m\\u0101c\\u012bb\\u0101m un izstr\\u0101d\\u0101ti ievie\\u0161anas pl\\u0101ni jauniem sadarb\\u012bbas meh\\u0101nismiem, kas nov\\u0113r\\u0161 nepiln\\u012bbas un papla\\u0161ina iesp\\u0113jas pieaugu\\u0161o izgl\\u012bt\\u012bb\\u0101, atbalstot pieaugu\\u0161os izgl\\u012btojamos ar zemu prasmju l\\u012bmeni.<\\\/span><\\\/p>\",\"content_column_breakpoint\":\"m\",\"content_margin\":\"small\",\"css\":\".el-element > *{\\n\\tbackground-color: #fff;\\n    border-radius: 60px;\\n    padding: 30px;\\n    box-shadow: 0px 0px 10px 0px #acbfef;\\n}\\n.el-title{\\n\\tfont-weight: 600;\\n}\",\"height_expand\":true,\"icon_width\":80,\"image\":\"wp-content\\\/uploads\\\/2023\\\/03\\\/about-icons-10.png\",\"image_align\":\"top\",\"image_grid_breakpoint\":\"m\",\"image_grid_width\":\"1-2\",\"image_svg_color\":\"emphasis\",\"link\":\"lv\\\/about#results\",\"link_style\":\"primary\",\"link_text\":\"\",\"margin\":\"default\",\"meta_align\":\"below-title\",\"meta_element\":\"div\",\"meta_style\":\"text-meta\",\"panel_link\":true,\"panel_padding\":\"small\",\"panel_style\":\"card-default\",\"title\":\"Pl\\u0101notie rezult\\u0101ti\",\"title_align\":\"top\",\"title_color\":\"success\",\"title_element\":\"h4\",\"title_grid_breakpoint\":\"m\",\"title_grid_width\":\"1-2\",\"title_hover_style\":\"reset\"}}]},{\"type\":\"column\",\"props\":{\"image_position\":\"center-center\",\"position_sticky_breakpoint\":\"m\",\"width_medium\":\"1-3\"},\"children\":[{\"type\":\"panel\",\"props\":{\"animation\":\"slide-bottom-small\",\"content\":\"\n\n<p><span>Projekta metodolo\\u0123ija ir veidota uz demokr\\u0101tijas un l\\u012bdzdal\\u012bbas, efektivit\\u0101tes, ilgtsp\\u0113j\\u012bbas, p\\u0101rnesam\\u012bbas principiem un uz pier\\u0101d\\u012bjumiem balst\\u012btu p\\u0113tniec\\u012bbu un anal\\u012bzi, rezult\\u0101tu sasniedzam\\u012bbu un elast\\u012bbu, lai nodro\\u0161in\\u0101tu pareneru efekt\\u012bvu sararb\\u012bbu un sniegtu vis\\u0101m iesaist\\u012btaj\\u0101m organiz\\u0101cij\\u0101m atbilsto\\u0161us un pielietojamus risin\\u0101jumus.<\\\/span><\\\/p>\",\"content_column_breakpoint\":\"m\",\"content_margin\":\"small\",\"css\":\".el-element > *{\\n\\tbackground-color: #fff;\\n    border-radius: 60px;\\n    padding: 30px;\\n    box-shadow: 0px 0px 10px 0px #acbfef;\\n}\\n.el-title{\\n\\tfont-weight: 600;\\n}\",\"height_expand\":true,\"icon_width\":80,\"image\":\"wp-content\\\/uploads\\\/2023\\\/03\\\/about-icons-11.png\",\"image_align\":\"top\",\"image_grid_breakpoint\":\"m\",\"image_grid_width\":\"1-2\",\"image_svg_color\":\"emphasis\",\"link\":\"lv\\\/about#methodology\",\"link_style\":\"primary\",\"link_text\":\"\",\"margin\":\"default\",\"meta_align\":\"below-title\",\"meta_element\":\"div\",\"meta_style\":\"text-meta\",\"panel_link\":true,\"panel_padding\":\"small\",\"panel_style\":\"card-default\",\"title\":\"Metodolo\\u0123ija\",\"title_align\":\"top\",\"title_color\":\"success\",\"title_element\":\"h4\",\"title_grid_breakpoint\":\"m\",\"title_grid_width\":\"1-2\",\"title_hover_style\":\"reset\"}}]}]}]},{\"type\":\"section\",\"props\":{\"animation\":\"fade\",\"animation_delay\":\"150\",\"css\":\".el-section{\\n\\tpadding-top: 70px;\\n}\",\"image\":\"wp-content\\\/uploads\\\/2023\\\/03\\\/top-wave2-14.png\",\"image_position\":\"bottom-center\",\"image_size\":\"width-1-1\",\"padding\":\"xlarge\",\"padding_remove_top\":true,\"style\":\"default\",\"title_breakpoint\":\"xl\",\"title_position\":\"top-left\",\"title_rotation\":\"left\",\"vertical_align\":\"\",\"width\":\"default\"},\"children\":[{\"type\":\"row\",\"props\":{\"layout\":\"1-3,2-3\",\"margin\":\"default\",\"margin_remove_top\":true},\"children\":[{\"type\":\"column\",\"props\":{\"image_position\":\"center-center\",\"position_sticky_breakpoint\":\"m\",\"vertical_align\":\"middle\",\"width_medium\":\"1-3\",\"width_small\":\"1-3\"},\"children\":[{\"type\":\"image\",\"props\":{\"animation\":\"scale-up\",\"image\":\"wp-content\\\/uploads\\\/2023\\\/03\\\/vurtual-map-home-12.png\",\"image_svg_color\":\"emphasis\",\"margin\":\"default\"}}]},{\"type\":\"column\",\"props\":{\"image_position\":\"center-center\",\"position_sticky_breakpoint\":\"m\",\"vertical_align\":\"middle\",\"width_medium\":\"2-3\",\"width_small\":\"2-3\"},\"children\":[{\"type\":\"headline\",\"props\":{\"animation\":\"slide-bottom-small\",\"content\":\"<span>Virtu\\u0101l\\u0101 karte<\\\/span>\",\"css\":\".el-element{\\n\\tfont-weight: 600;\\n}\",\"title_color\":\"secondary\",\"title_element\":\"h2\",\"title_style\":\"h2\"}},{\"type\":\"text\",\"props\":{\"animation\":\"slide-bottom-small\",\"column_breakpoint\":\"m\",\"content\":\"\n\n<p><span>Virtu\\u0101laj\\u0101 kart\\u0113 atrad\\u012bsies projekta \\u012bsteno\\u0161anas gait\\u0101 sagatavoto pieaugu\\u0161o izgl\\u012bt\\u012bbas resursu kr\\u0101tuve, tostarp situ\\u0101ciju anal\\u012bzes partneru valst\\u012bs, aktivit\\u0101\\u0161u \\u012bsteno\\u0161anas pl\\u0101ni, nacion\\u0101lie zi\\u0146ojumi, lab\\u0101k\\u0101s prakses piem\\u0113ri, politikas ieteikumi, g\\u016bt\\u0101s atzi\\u0146as un inform\\u0101cija par cit\\u0101m projeka aktivit\\u0101t\\u0113m. Aicin\\u0101m sekot \\u0161\\u012bs platformas ofici\\u0101lajai atkl\\u0101\\u0161anai, jo paredzams, ka t\\u0101 b\\u016bs noder\\u012bgs instruments visiem tiem, kas interes\\u0113jas par pieaugu\\u0161o izgl\\u012bt\\u012bbas uzlabo\\u0161anu un pieaugu\\u0161o izgl\\u012btojamo ar zem\\u0101m pamatprasm\\u0113m atbalst\\u012b\\u0161anu.<\\\/span><\\\/p>\",\"margin\":\"default\"}}]}]}]},{\"type\":\"section\",\"props\":{\"animation\":\"fade\",\"animation_delay\":\"150\",\"css\":\".el-section{\\n\\tbackground-color: #162b45;\\n\\t}\",\"image_position\":\"top-center\",\"image_size\":\"width-1-1\",\"padding\":\"small\",\"padding_remove_top\":true,\"style\":\"default\",\"title_breakpoint\":\"xl\",\"title_position\":\"top-left\",\"title_rotation\":\"left\",\"vertical_align\":\"\",\"width\":\"default\"},\"children\":[{\"type\":\"row\",\"children\":[{\"type\":\"column\",\"props\":{\"image_position\":\"center-center\",\"position_sticky_breakpoint\":\"m\"},\"children\":[{\"type\":\"headline\",\"props\":{\"animation\":\"slide-bottom-small\",\"content\":\"<span data-sheets-value=\\\"{&quot;1&quot;:2,&quot;2&quot;:&quot;Jaunumi&quot;}\\\" data-sheets-userformat=\\\"{&quot;2&quot;:14641,&quot;3&quot;:{&quot;1&quot;:0,&quot;3&quot;:1},&quot;7&quot;:{&quot;1&quot;:[{&quot;1&quot;:2,&quot;2&quot;:0,&quot;5&quot;:{&quot;1&quot;:2,&quot;2&quot;:10273509}},{&quot;1&quot;:0,&quot;2&quot;:0,&quot;3&quot;:3},{&quot;1&quot;:1,&quot;2&quot;:0,&quot;4&quot;:2}]},&quot;8&quot;:{&quot;1&quot;:[{&quot;1&quot;:2,&quot;2&quot;:0,&quot;5&quot;:{&quot;1&quot;:2,&quot;2&quot;:10273509}},{&quot;1&quot;:0,&quot;2&quot;:0,&quot;3&quot;:3},{&quot;1&quot;:1,&quot;2&quot;:0,&quot;4&quot;:2}]},&quot;11&quot;:4,&quot;14&quot;:{&quot;1&quot;:3,&quot;3&quot;:1},&quot;15&quot;:&quot;Calibri&quot;,&quot;16&quot;:11}\\\">Jaunumi<\\\/span>\",\"css\":\".el-element{\\n\\tcolor: #fff;\\n    font-weight: 600;\\n}\",\"text_align\":\"center\",\"title_element\":\"h2\",\"title_style\":\"h2\"}},{\"type\":\"grid\",\"props\":{\"animation\":\"slide-bottom-small\",\"class\":\"news-grid\",\"content_column_breakpoint\":\"m\",\"css\":\".uk-child-width-1-1.uk-child-width-1-3\\\\@m.uk-grid-match.uk-grid {\\n  display: flex;\\n  justify-content: center;\\n}\",\"filter_align\":\"left\",\"filter_all\":true,\"filter_grid_breakpoint\":\"m\",\"filter_grid_width\":\"auto\",\"filter_position\":\"top\",\"filter_style\":\"tab\",\"grid_default\":\"1\",\"grid_medium\":\"3\",\"icon_width\":80,\"image_align\":\"top\",\"image_grid_breakpoint\":\"m\",\"image_grid_width\":\"1-2\",\"image_svg_color\":\"emphasis\",\"item_animation\":true,\"link_style\":\"secondary\",\"link_text\":\"\",\"margin\":\"default\",\"meta_align\":\"below-title\",\"meta_element\":\"div\",\"meta_style\":\"text-meta\",\"panel_link\":true,\"panel_style\":\"card-default\",\"parallax_easing\":\"1\",\"show_content\":true,\"show_image\":true,\"show_link\":true,\"show_meta\":true,\"show_title\":true,\"title_align\":\"top\",\"title_element\":\"h3\",\"title_grid_breakpoint\":\"m\",\"title_grid_width\":\"1-2\",\"title_hover_style\":\"reset\"},\"children\":[{\"type\":\"grid_item\",\"source\":{\"query\":{\"name\":\"posts.customPosts\",\"arguments\":{\"terms\":[83],\"category_operator\":\"IN\",\"post_tag_operator\":\"IN\",\"users\":[],\"users_operator\":\"IN\",\"offset\":0,\"limit\":10,\"order\":\"date\",\"order_direction\":\"DESC\"}},\"props\":{\"title\":{\"filters\":{\"search\":\"\"},\"name\":\"title\"},\"content\":{\"filters\":{\"search\":\"\"},\"name\":\"excerpt\"},\"image\":{\"filters\":{\"search\":\"\"},\"name\":\"featuredImage.url\"},\"link\":{\"filters\":{\"search\":\"\"},\"name\":\"link\"}}}}]},{\"type\":\"button\",\"props\":{\"animation\":\"slide-bottom-small\",\"grid_column_gap\":\"small\",\"grid_row_gap\":\"small\",\"margin\":\"default\",\"text_align\":\"center\"},\"children\":[{\"type\":\"button_item\",\"props\":{\"button_style\":\"primary\",\"content\":\"Skat\\u012bt visus jaunumus\",\"icon_align\":\"left\"},\"source\":{\"query\":{\"name\":\"categories.customCategories\",\"arguments\":{\"id\":0,\"offset\":0,\"limit\":1,\"order\":\"term_order\",\"order_direction\":\"ASC\"}},\"props\":{\"link\":{\"filters\":{\"search\":\"\"},\"name\":\"link\"}}}}]}]}]}]}],\"version\":\"4.4.9\"} --><\/p>\n","protected":false},"excerpt":{"rendered":"<p>IEINTERES\u0112TO PU\u0160U IESAIST\u012a\u0160ANA UN SADARB\u012aBA PRASMJU PILNVEIDES CE\u013bU IEVIE\u0160AN\u0100 facebook twitter M\u0113r\u0137i Veicin\u0101t prasmju pilnveides ce\u013cu \u012bsteno\u0161anu, palielnot pieaugu\u0161o l\u012bdzdal\u012bbu m\u016b\u017eizgl\u012bt\u012bbas iesp\u0113ju izmanto\u0161an\u0101 un veicin\u0101t..<\/p>\n","protected":false},"author":1,"featured_media":0,"parent":0,"menu_order":0,"comment_status":"closed","ping_status":"closed","template":"","meta":{"_acf_changed":false,"footnotes":""},"class_list":["post-1263","page","type-page","status-publish","hentry"],"acf":[],"_links":{"self":[{"href":"https:\/\/partnerup-project.eu\/lv\/wp-json\/wp\/v2\/pages\/1263","targetHints":{"allow":["GET"]}}],"collection":[{"href":"https:\/\/partnerup-project.eu\/lv\/wp-json\/wp\/v2\/pages"}],"about":[{"href":"https:\/\/partnerup-project.eu\/lv\/wp-json\/wp\/v2\/types\/page"}],"author":[{"embeddable":true,"href":"https:\/\/partnerup-project.eu\/lv\/wp-json\/wp\/v2\/users\/1"}],"replies":[{"embeddable":true,"href":"https:\/\/partnerup-project.eu\/lv\/wp-json\/wp\/v2\/comments?post=1263"}],"version-history":[{"count":5,"href":"https:\/\/partnerup-project.eu\/lv\/wp-json\/wp\/v2\/pages\/1263\/revisions"}],"predecessor-version":[{"id":3516,"href":"https:\/\/partnerup-project.eu\/lv\/wp-json\/wp\/v2\/pages\/1263\/revisions\/3516"}],"wp:attachment":[{"href":"https:\/\/partnerup-project.eu\/lv\/wp-json\/wp\/v2\/media?parent=1263"}],"curies":[{"name":"wp","href":"https:\/\/api.w.org\/{rel}","templated":true}]}}