{"id":1262,"date":"2022-02-24T14:11:37","date_gmt":"2022-02-24T14:11:37","guid":{"rendered":"https:\/\/partnerup-project.eu\/home\/"},"modified":"2023-06-15T09:02:35","modified_gmt":"2023-06-15T09:02:35","slug":"home","status":"publish","type":"page","link":"https:\/\/partnerup-project.eu\/it\/","title":{"rendered":"Home"},"content":{"rendered":"<h1>PARTNERSHIPS AND STAKEHOLDER ENGAGEMENT FOR UPSKILLING PATHWAYS<\/h1>\n<p><img decoding=\"async\" src=\"\/wp-content\/uploads\/2023\/03\/hero-intro-13.png\" alt=\"\"><\/p>\n<ul>\n<li><a href=\"https:\/\/www.facebook.com\/partnerupeu\/\">facebook<\/a>\n<\/li>\n<li><a href=\"https:\/\/twitter.com\/partnerupeu\">twitter<\/a>\n<\/li>\n<\/ul>\n<div>\n<p>        <img decoding=\"async\" src=\"\/wp-content\/uploads\/2023\/03\/about-icons-09.png\" alt=\"\"><\/p>\n<h4>Obiettivi <\/h4>\n<div>\n<p><span>Partner UP intende migliorare l&#8217;implementazione dei percorsi di Upskilling, aumentare la partecipazione delle persone adulte alle opportunit\u00e0 di apprendimento permanente e di promuovere la cooperazione tra gli stakeholder.<\/span><\/p>\n<\/div>\n<p><a href=\"\/it\/about#objectives\"><\/a><\/p>\n<\/div>\n<div>\n<p>        <img decoding=\"async\" src=\"\/wp-content\/uploads\/2023\/03\/about-icons-10.png\" alt=\"\"><\/p>\n<h4>Risultati <\/h4>\n<div>\n<p><span>Il progetto realizza attivit\u00e0 di analisi e consultazione degli stakeholder, prevede visite di studio per l&#8217;apprendimento tra pari e sviluppa piani di attuazione per definire nuovi meccanismi di cooperazione che tengano conto delle principali quesitoni e opportunit\u00e0 nell&#8217;Educazione delle persone adulte, e sostengano i\/le discenti poco qualificati\/e o con bassi titoli di studio.<\/span><\/p>\n<\/div>\n<p><a href=\"\/it\/about#results\"><\/a><\/p>\n<\/div>\n<div>\n<p>        <img decoding=\"async\" src=\"\/wp-content\/uploads\/2023\/03\/about-icons-11.png\" alt=\"\"><\/p>\n<h4>Metodologia <\/h4>\n<div>\n<p><span>La metodologia di Partner UP \u00e8 guidata dai principi della democrazia e della partecipazione, dell&#8217;efficienza, della sostenibilit\u00e0 e della trasferibilit\u00e0, della ricerca e dell&#8217;analisi basate sull&#8217;evidenza, della fattibilit\u00e0 e della flessibilit\u00e0, per garantire che i partner collaborino efficacemente e creino soluzioni pertinenti e trasferibili.<\/span><\/p>\n<\/div>\n<p><a href=\"\/it\/about#methodology\"><\/a><\/p>\n<\/div>\n<p><img decoding=\"async\" src=\"\/wp-content\/uploads\/2023\/03\/vurtual-map-home-12.png\" alt=\"\"><\/p>\n<h2><span>Mappa virtuale <\/span><\/h2>\n<div>\n<p><span>La mappa virtuale \u00e8 un archivio di risorse per l&#8217;Educazione delle persone adulte: include quindi analisi, piani di implementazione, report nazionali, buone pratiche, raccomandazioni per i policy maker, lezioni apprese e report di altre attivit\u00e0 realizzate nell&#8217;ambito del nostro progetto. Seguiteci per il lancio ufficiale di questa piattaforma, che sar\u00e0 uno strumento prezioso per tutti\/e coloro che sono interessati\/e a migliorare l&#8217;Educazione delle persone adulte e a sostenere i\/le discenti poco qualificati\/e o con bassi titoli di studio.<\/span><\/p>\n<\/div>\n<h2><span class=\"HwtZe\" jsaction=\"mouseup:Sxi9L,BR6jm; mousedown:qjlr0e\" jsname=\"jqKxS\" lang=\"it\"><span jsaction=\"agoMJf:PFBcW;MZfLnc:P7O7bd;nt4Alf:pvnm0e,pfE8Hb,PFBcW;B01qod:dJXsye;H1e5u:iXtTIf;lYIUJf:hij5Wb;bmeZHc:iURhpf;Oxj3Xe:qAKMYb,yaf12d\" jsname=\"txFAF\" class=\"jCAhz ChMk0b\" jscontroller=\"Gn4SMb\"><span class=\"ryNqvb\" jsaction=\"click:E6Tfl,GFf3ac,tMZCfe; contextmenu:Nqw7Te,QP7LD; mouseout:Nqw7Te; mouseover:E6Tfl,c2aHje\" jsname=\"W297wb\">Notizia<\/span><\/span><\/span><\/h2>\n<div>\n<\/div>\n<p>\n    <a href=\"\">View all news<\/a>\n<\/p>\n<p><!--more--><br \/>\n<!-- {\"type\":\"layout\",\"children\":[{\"type\":\"section\",\"props\":{\"animation\":\"fade\",\"animation_delay\":\"100\",\"class\":\"hero-section\",\"css\":\".el-section{\\n\\tbackground-color: #162b45;\\n}\",\"height\":\"percent\",\"image\":\"\",\"image_position\":\"bottom-center\",\"image_size\":\"width-1-1\",\"padding_remove_bottom\":true,\"style\":\"default\",\"title_breakpoint\":\"xl\",\"title_position\":\"top-left\",\"title_rotation\":\"left\",\"vertical_align\":\"middle\",\"width\":\"default\"},\"children\":[{\"type\":\"row\",\"children\":[{\"type\":\"column\",\"props\":{\"image_position\":\"center-center\",\"media_overlay_gradient\":\"\",\"position_sticky_breakpoint\":\"m\"},\"children\":[{\"type\":\"headline\",\"props\":{\"animation\":\"slide-bottom-medium\",\"content\":\"PARTNERSHIPS AND STAKEHOLDER ENGAGEMENT FOR UPSKILLING PATHWAYS\",\"css\":\".el-element{\\n\\tcolor:#fff;\\n    font-weight: 600;\\n}\",\"margin_remove_bottom\":true,\"position_top\":\"0\",\"text_align\":\"center\",\"title_element\":\"h1\",\"title_style\":\"h1\"}},{\"type\":\"image\",\"props\":{\"animation\":\"scale-up\",\"image\":\"wp-content\\\/uploads\\\/2023\\\/03\\\/hero-intro-13.png\",\"image_svg_color\":\"emphasis\",\"margin\":\"large\",\"margin_remove_bottom\":false}},{\"type\":\"social\",\"props\":{\"animation\":\"slide-right-medium\",\"class\":\"social-fixed\",\"grid\":\"horizontal\",\"grid_gap\":\"small\",\"link_style\":\"button\",\"link_target\":true,\"margin\":\"default\"},\"children\":[{\"type\":\"social_item\",\"props\":{\"icon\":\"facebook\",\"link\":\"https:\\\/\\\/www.facebook.com\\\/partnerupeu\\\/\"}},{\"type\":\"social_item\",\"props\":{\"icon\":\"twitter\",\"link\":\"https:\\\/\\\/twitter.com\\\/partnerupeu\"}}]}]}]}]},{\"type\":\"section\",\"props\":{\"animation\":\"slide-bottom-small\",\"animation_delay\":\"150\",\"image\":\"wp-content\\\/uploads\\\/2023\\\/03\\\/bottom-wave-2-08.png\",\"image_position\":\"top-center\",\"image_size\":\"width-1-1\",\"padding\":\"small\",\"padding_remove_top\":true,\"style\":\"default\",\"title_breakpoint\":\"xl\",\"title_position\":\"top-left\",\"title_rotation\":\"left\",\"vertical_align\":\"middle\",\"width\":\"default\"},\"children\":[{\"type\":\"row\",\"props\":{\"layout\":\"1-3,1-3,1-3\",\"margin\":\"large\",\"match\":true},\"children\":[{\"type\":\"column\",\"props\":{\"image_position\":\"center-center\",\"media_overlay_gradient\":\"\",\"position_sticky_breakpoint\":\"m\",\"width_medium\":\"1-3\"},\"children\":[{\"type\":\"panel\",\"props\":{\"animation\":\"slide-bottom-small\",\"content\":\"\n\n<p><span>Partner UP intende migliorare l'implementazione dei percorsi di Upskilling, aumentare la partecipazione delle persone adulte alle opportunit\\u00e0 di apprendimento permanente e di promuovere la cooperazione tra gli stakeholder.<\\\/span><\\\/p>\",\"content_column_breakpoint\":\"m\",\"content_margin\":\"small\",\"css\":\".el-element{\\n\\tbackground-color: #fff;\\n    border-radius: 60px;\\n    padding: 30px;\\n    box-shadow: 0px 0px 10px 0px #acbfef;\\n}\\n.el-title{\\n\\tfont-weight: 600;\\n}\",\"icon_width\":80,\"image\":\"wp-content\\\/uploads\\\/2023\\\/03\\\/about-icons-09.png\",\"image_align\":\"top\",\"image_grid_breakpoint\":\"m\",\"image_grid_width\":\"1-2\",\"image_svg_color\":\"emphasis\",\"link\":\"it\\\/about#objectives\",\"link_style\":\"primary\",\"link_text\":\"\",\"margin\":\"default\",\"meta_align\":\"below-title\",\"meta_element\":\"div\",\"meta_style\":\"text-meta\",\"panel_link\":true,\"panel_padding\":\"small\",\"panel_style\":\"card-default\",\"title\":\"Obiettivi \",\"title_align\":\"top\",\"title_color\":\"success\",\"title_element\":\"h4\",\"title_grid_breakpoint\":\"m\",\"title_grid_width\":\"1-2\",\"title_hover_style\":\"reset\"}}]},{\"type\":\"column\",\"props\":{\"image_position\":\"center-center\",\"media_overlay_gradient\":\"\",\"position_sticky_breakpoint\":\"m\",\"width_medium\":\"1-3\"},\"children\":[{\"type\":\"panel\",\"props\":{\"animation\":\"slide-bottom-small\",\"content\":\"\n\n<p><span>Il progetto realizza attivit\\u00e0 di analisi e consultazione degli stakeholder, prevede visite di studio per l'apprendimento tra pari e sviluppa piani di attuazione per definire nuovi meccanismi di cooperazione che tengano conto delle principali quesitoni e opportunit\\u00e0 nell'Educazione delle persone adulte, e sostengano i\\\/le discenti poco qualificati\\\/e o con bassi titoli di studio.<\\\/span><\\\/p>\",\"content_column_breakpoint\":\"m\",\"content_margin\":\"small\",\"css\":\".el-element{\\n\\tbackground-color: #fff;\\n    border-radius: 60px;\\n    padding: 30px;\\n    box-shadow: 0px 0px 10px 0px #acbfef;\\n}\\n.el-title{\\n\\tfont-weight: 600;\\n}\",\"icon_width\":80,\"image\":\"wp-content\\\/uploads\\\/2023\\\/03\\\/about-icons-10.png\",\"image_align\":\"top\",\"image_grid_breakpoint\":\"m\",\"image_grid_width\":\"1-2\",\"image_svg_color\":\"emphasis\",\"link\":\"it\\\/about#results\",\"link_style\":\"primary\",\"link_text\":\"\",\"margin\":\"default\",\"meta_align\":\"below-title\",\"meta_element\":\"div\",\"meta_style\":\"text-meta\",\"panel_link\":true,\"panel_padding\":\"small\",\"panel_style\":\"card-default\",\"title\":\"Risultati \",\"title_align\":\"top\",\"title_color\":\"success\",\"title_element\":\"h4\",\"title_grid_breakpoint\":\"m\",\"title_grid_width\":\"1-2\",\"title_hover_style\":\"reset\"}}]},{\"type\":\"column\",\"props\":{\"image_position\":\"center-center\",\"media_overlay_gradient\":\"\",\"position_sticky_breakpoint\":\"m\",\"width_medium\":\"1-3\"},\"children\":[{\"type\":\"panel\",\"props\":{\"animation\":\"slide-bottom-small\",\"content\":\"\n\n<p><span>La metodologia di Partner UP \\u00e8 guidata dai principi della democrazia e della partecipazione, dell'efficienza, della sostenibilit\\u00e0 e della trasferibilit\\u00e0, della ricerca e dell'analisi basate sull'evidenza, della fattibilit\\u00e0 e della flessibilit\\u00e0, per garantire che i partner collaborino efficacemente e creino soluzioni pertinenti e trasferibili.<\\\/span><\\\/p>\",\"content_column_breakpoint\":\"m\",\"content_margin\":\"small\",\"css\":\".el-element{\\n\\tbackground-color: #fff;\\n    border-radius: 60px;\\n    padding: 30px;\\n    box-shadow: 0px 0px 10px 0px #acbfef;\\n}\\n.el-title{\\n\\tfont-weight: 600;\\n}\",\"icon_width\":80,\"image\":\"wp-content\\\/uploads\\\/2023\\\/03\\\/about-icons-11.png\",\"image_align\":\"top\",\"image_grid_breakpoint\":\"m\",\"image_grid_width\":\"1-2\",\"image_svg_color\":\"emphasis\",\"link\":\"it\\\/about#methodology\",\"link_style\":\"primary\",\"link_text\":\"\",\"margin\":\"default\",\"meta_align\":\"below-title\",\"meta_element\":\"div\",\"meta_style\":\"text-meta\",\"panel_link\":true,\"panel_padding\":\"small\",\"panel_style\":\"card-default\",\"title\":\"Metodologia \",\"title_align\":\"top\",\"title_color\":\"success\",\"title_element\":\"h4\",\"title_grid_breakpoint\":\"m\",\"title_grid_width\":\"1-2\",\"title_hover_style\":\"reset\"}}]}]}]},{\"type\":\"section\",\"props\":{\"animation\":\"fade\",\"animation_delay\":\"150\",\"css\":\".el-section{\\n\\tpadding-top: 70px;\\n}\",\"image\":\"wp-content\\\/uploads\\\/2023\\\/03\\\/top-wave2-14.png\",\"image_position\":\"bottom-center\",\"image_size\":\"width-1-1\",\"padding\":\"xlarge\",\"padding_remove_top\":true,\"style\":\"default\",\"title_breakpoint\":\"xl\",\"title_position\":\"top-left\",\"title_rotation\":\"left\",\"vertical_align\":\"middle\",\"width\":\"default\"},\"children\":[{\"type\":\"row\",\"props\":{\"layout\":\"1-3,2-3\",\"margin\":\"default\",\"margin_remove_top\":true},\"children\":[{\"type\":\"column\",\"props\":{\"image_position\":\"center-center\",\"media_overlay_gradient\":\"\",\"position_sticky_breakpoint\":\"m\",\"vertical_align\":\"middle\",\"width_medium\":\"1-3\",\"width_small\":\"1-3\"},\"children\":[{\"type\":\"image\",\"props\":{\"animation\":\"scale-up\",\"image\":\"wp-content\\\/uploads\\\/2023\\\/03\\\/vurtual-map-home-12.png\",\"image_svg_color\":\"emphasis\",\"margin\":\"default\"}}]},{\"type\":\"column\",\"props\":{\"image_position\":\"center-center\",\"media_overlay_gradient\":\"\",\"position_sticky_breakpoint\":\"m\",\"vertical_align\":\"middle\",\"width_medium\":\"2-3\",\"width_small\":\"2-3\"},\"children\":[{\"type\":\"headline\",\"props\":{\"animation\":\"slide-bottom-small\",\"content\":\"<span>Mappa virtuale <\\\/span>\",\"css\":\".el-element{\\n\\tfont-weight: 600;\\n}\",\"title_color\":\"secondary\",\"title_element\":\"h2\",\"title_style\":\"h2\"}},{\"type\":\"text\",\"props\":{\"animation\":\"slide-bottom-small\",\"column_breakpoint\":\"m\",\"content\":\"\n\n<p><span>La mappa virtuale \\u00e8 un archivio di risorse per l'Educazione delle persone adulte: include quindi analisi, piani di implementazione, report nazionali, buone pratiche, raccomandazioni per i policy maker, lezioni apprese e report di altre attivit\\u00e0 realizzate nell'ambito del nostro progetto. Seguiteci per il lancio ufficiale di questa piattaforma, che sar\\u00e0 uno strumento prezioso per tutti\\\/e coloro che sono interessati\\\/e a migliorare l'Educazione delle persone adulte e a sostenere i\\\/le discenti poco qualificati\\\/e o con bassi titoli di studio.<\\\/span><\\\/p>\",\"margin\":\"default\"}}]}]}]},{\"type\":\"section\",\"props\":{\"animation\":\"fade\",\"animation_delay\":\"150\",\"css\":\".el-section{\\n\\tbackground-color: #162b45;\\n\\t}\",\"image\":\"\",\"image_position\":\"top-center\",\"image_size\":\"width-1-1\",\"padding\":\"small\",\"padding_remove_top\":true,\"style\":\"default\",\"title_breakpoint\":\"xl\",\"title_position\":\"top-left\",\"title_rotation\":\"left\",\"vertical_align\":\"middle\",\"width\":\"default\"},\"children\":[{\"type\":\"row\",\"children\":[{\"type\":\"column\",\"props\":{\"image_position\":\"center-center\",\"media_overlay_gradient\":\"\",\"position_sticky_breakpoint\":\"m\"},\"children\":[{\"type\":\"headline\",\"props\":{\"animation\":\"slide-bottom-small\",\"content\":\"<span class=\\\"HwtZe\\\" jsaction=\\\"mouseup:Sxi9L,BR6jm; mousedown:qjlr0e\\\" jsname=\\\"jqKxS\\\" lang=\\\"it\\\"><span jsaction=\\\"agoMJf:PFBcW;MZfLnc:P7O7bd;nt4Alf:pvnm0e,pfE8Hb,PFBcW;B01qod:dJXsye;H1e5u:iXtTIf;lYIUJf:hij5Wb;bmeZHc:iURhpf;Oxj3Xe:qAKMYb,yaf12d\\\" jsname=\\\"txFAF\\\" class=\\\"jCAhz ChMk0b\\\" jscontroller=\\\"Gn4SMb\\\"><span class=\\\"ryNqvb\\\" jsaction=\\\"click:E6Tfl,GFf3ac,tMZCfe; contextmenu:Nqw7Te,QP7LD; mouseout:Nqw7Te; mouseover:E6Tfl,c2aHje\\\" jsname=\\\"W297wb\\\">Notizia<\\\/span><\\\/span><\\\/span>\",\"css\":\".el-element{\\n\\tcolor: #fff;\\n    font-weight: 600;\\n}\",\"text_align\":\"center\",\"title_element\":\"h2\",\"title_style\":\"h2\"}},{\"type\":\"grid\",\"props\":{\"animation\":\"slide-bottom-small\",\"class\":\"news-grid\",\"content_column_breakpoint\":\"m\",\"css\":\".uk-child-width-1-1.uk-child-width-1-3\\\\@m.uk-grid-match.uk-grid {\\n  display: flex;\\n  justify-content: center;\\n}\",\"filter_align\":\"left\",\"filter_all\":true,\"filter_grid_breakpoint\":\"m\",\"filter_grid_width\":\"auto\",\"filter_position\":\"top\",\"filter_style\":\"tab\",\"grid_default\":\"1\",\"grid_medium\":\"3\",\"icon_width\":80,\"image_align\":\"top\",\"image_grid_breakpoint\":\"m\",\"image_grid_width\":\"1-2\",\"image_svg_color\":\"emphasis\",\"item_animation\":true,\"link_style\":\"secondary\",\"link_text\":\"\",\"margin\":\"default\",\"meta_align\":\"below-title\",\"meta_element\":\"div\",\"meta_style\":\"text-meta\",\"panel_link\":true,\"panel_style\":\"card-default\",\"parallax_easing\":\"1\",\"show_content\":true,\"show_image\":true,\"show_link\":true,\"show_meta\":true,\"show_title\":true,\"title_align\":\"top\",\"title_element\":\"h3\",\"title_grid_breakpoint\":\"m\",\"title_grid_width\":\"1-2\",\"title_hover_style\":\"reset\"},\"children\":[{\"type\":\"grid_item\",\"props\":{\"link_text\":\"\"},\"source\":{\"query\":{\"name\":\"posts.customPosts\",\"arguments\":{\"terms\":[82],\"category_operator\":\"IN\",\"post_tag_operator\":\"IN\",\"users\":[],\"users_operator\":\"IN\",\"offset\":0,\"limit\":10,\"order\":\"date\",\"order_direction\":\"DESC\"}},\"props\":{\"title\":{\"filters\":{\"search\":\"\"},\"name\":\"title\"},\"content\":{\"filters\":{\"search\":\"\"},\"name\":\"excerpt\"},\"image\":{\"filters\":{\"search\":\"\"},\"name\":\"featuredImage.url\"},\"link\":{\"filters\":{\"search\":\"\"},\"name\":\"link\"}}}}]},{\"type\":\"button\",\"props\":{\"animation\":\"slide-bottom-small\",\"grid_column_gap\":\"small\",\"grid_row_gap\":\"small\",\"margin\":\"default\",\"text_align\":\"center\"},\"children\":[{\"type\":\"button_item\",\"props\":{\"button_style\":\"primary\",\"content\":\"[all_news_header]\",\"icon_align\":\"left\"},\"source\":{\"query\":{\"name\":\"categories.customCategories\",\"arguments\":{\"id\":82,\"offset\":0,\"limit\":1,\"order\":\"term_order\",\"order_direction\":\"ASC\"}},\"props\":{\"link\":{\"filters\":{\"search\":\"\"},\"name\":\"link\"}}}}]}]}]}]}],\"version\":\"3.0.20\"} --><\/p>\n","protected":false},"excerpt":{"rendered":"<p>PARTNERSHIPS AND STAKEHOLDER ENGAGEMENT FOR UPSKILLING PATHWAYS facebook twitter Obiettivi Partner UP intende migliorare l&#8217;implementazione dei percorsi di Upskilling, aumentare la partecipazione delle persone adulte..<\/p>\n","protected":false},"author":1,"featured_media":0,"parent":0,"menu_order":0,"comment_status":"closed","ping_status":"closed","template":"","meta":{"_acf_changed":false,"footnotes":""},"class_list":["post-1262","page","type-page","status-publish","hentry"],"acf":[],"_links":{"self":[{"href":"https:\/\/partnerup-project.eu\/it\/wp-json\/wp\/v2\/pages\/1262","targetHints":{"allow":["GET"]}}],"collection":[{"href":"https:\/\/partnerup-project.eu\/it\/wp-json\/wp\/v2\/pages"}],"about":[{"href":"https:\/\/partnerup-project.eu\/it\/wp-json\/wp\/v2\/types\/page"}],"author":[{"embeddable":true,"href":"https:\/\/partnerup-project.eu\/it\/wp-json\/wp\/v2\/users\/1"}],"replies":[{"embeddable":true,"href":"https:\/\/partnerup-project.eu\/it\/wp-json\/wp\/v2\/comments?post=1262"}],"version-history":[{"count":1,"href":"https:\/\/partnerup-project.eu\/it\/wp-json\/wp\/v2\/pages\/1262\/revisions"}],"predecessor-version":[{"id":1314,"href":"https:\/\/partnerup-project.eu\/it\/wp-json\/wp\/v2\/pages\/1262\/revisions\/1314"}],"wp:attachment":[{"href":"https:\/\/partnerup-project.eu\/it\/wp-json\/wp\/v2\/media?parent=1262"}],"curies":[{"name":"wp","href":"https:\/\/api.w.org\/{rel}","templated":true}]}}