{"id":3519,"date":"2024-11-08T10:18:21","date_gmt":"2024-11-08T10:18:21","guid":{"rendered":"https:\/\/partnerup-project.eu\/road-map\/"},"modified":"2025-03-27T06:41:20","modified_gmt":"2025-03-27T06:41:20","slug":"road-map","status":"publish","type":"page","link":"https:\/\/partnerup-project.eu\/hr\/road-map\/","title":{"rendered":"Road Map"},"content":{"rendered":"<h1>Nacionalni planovi provedbe provedbu Preporuke Vije\u0107a o oblicima usavr\u0161avanja: nove prilike za odrasle<\/h1>\n<div>\n<div>\n<p>Nacionalni planovi navode klju\u010dne mehanizme suradnje za potporu provedbi Preporuke Vije\u0107a o oblicima usavr\u0161avanja: nove prilike za odrasle. Planovi su razvijeni procesom savjetovanja s dionicima u sustavu obrazovanja odraslih svake zemlje te pru\u017eaju fleksibilan okvir daljnje suradnje. Odra\u017eavaju stvarnost svakog nacionalnog konteksta te njihova provedba ovisi o dostupnim resursima, postoje\u0107im strukturama i izazovima specifi\u010dnima za pojedine zemlje. Planovi su oblikovani nakon vi\u0161estrukih rasprava s dionicima kako bi se identificirale prepreke, predlo\u017eila rje\u0161enja i ocrtale konkretne intervencije za pobolj\u0161anje suradnje izme\u0111u ustanova za obrazovanje odraslih, poslodavaca, vladinih agencija i organizacija civilnog dru\u0161tva. Osim planova na razini pojedine zemlje, izra\u0111en je komplementarni europski plan za pobolj\u0161anje mehanizama suradnje na razini EU-a.<\/p>\n<p>Ovi planovi slu\u017ee kao prakti\u010dni alati koje dionici mogu prilagoditi svojim potrebama, poma\u017eu\u0107i im u strukturiranju partnerstava, definiranju odgovornosti i planiranju radnji koje pobolj\u0161avaju pristup mogu\u0107nostima obrazovanja za odrasle. Planovi mogu poduprijeti tvorce politika u uskla\u0111ivanju inicijativa sa \u0161irim nacionalnim i europskim strategijama te istodobno usmjeravati ustanove za obrazovanje odraslih i poslodavce u pru\u017eanju ciljane obrazovne ponude. Kori\u0161tenjem ovih planova dionici mogu oja\u010dati koordinaciju, pobolj\u0161ati uklju\u010divanje odraslih osoba s ni\u017eom razinom kvalifikacije u obrazovanje i stvoriti u\u010dinkovitije sustave cjelo\u017eivotnog u\u010denja koji odgovaraju zahtjevima tr\u017ei\u0161ta rada i potrebama dru\u0161tva.<\/p>\n<\/div>\n<\/div>\n<div>\n<div class=\"roadmap-container\">\n<div class=\"milestone\">\n            <img decoding=\"async\" src=\"\/wp-content\/uploads\/2025\/02\/eu-flag.png\" alt=\"Europian Union\" class=\"flag\"><br \/>\n            <span class=\"label\"><a href=\"https:\/\/partnerup-project.eu\/wp-content\/uploads\/roadmap\/hr\/eu\/story.html\" target=\"_blank\">EU<\/a><\/span>\n        <\/div>\n<div class=\"milestone\">\n            <img decoding=\"async\" src=\"\/wp-content\/uploads\/2023\/06\/cy-noline.png\" alt=\"Cyprus\" class=\"flag\"><br \/>\n            <span class=\"label\"><a href=\"https:\/\/partnerup-project.eu\/wp-content\/uploads\/roadmap\/hr\/cy\/story.html\" target=\"_blank\">CIPAR<\/a><\/span>\n        <\/div>\n<div class=\"milestone\">\n            <img decoding=\"async\" src=\"\/wp-content\/uploads\/2023\/06\/lv-noline.png\" alt=\"Latvia\" class=\"flag\"><br \/>\n            <span class=\"label\"><a href=\"https:\/\/partnerup-project.eu\/wp-content\/uploads\/roadmap\/hr\/lv\/story.html\" target=\"_blank\">LATVIJA<\/a><\/span>\n        <\/div>\n<div class=\"milestone\">\n            <img decoding=\"async\" src=\"\/wp-content\/uploads\/2023\/06\/hr-noline.png\" alt=\"Croatia\" class=\"flag\"><br \/>\n            <span class=\"label\"><a href=\"https:\/\/partnerup-project.eu\/wp-content\/uploads\/roadmap\/hr\/hr\/story.html\" target=\"_blank\">HRVATSKA<\/a><\/span>\n        <\/div>\n<div class=\"milestone\">\n            <img decoding=\"async\" src=\"\/wp-content\/uploads\/2023\/06\/ro-noline.png\" alt=\"Romania\" class=\"flag\"><br \/>\n            <span class=\"label\"><a href=\"https:\/\/partnerup-project.eu\/wp-content\/uploads\/roadmap\/hr\/ro\/story.html\" target=\"_blank\">RUMUNJSKA<\/a><\/span>\n        <\/div>\n<div class=\"milestone\">\n            <img decoding=\"async\" src=\"\/wp-content\/uploads\/2023\/06\/gr-noline.png\" alt=\"Greece\" class=\"flag\"><br \/>\n            <span class=\"label\"><a href=\"https:\/\/partnerup-project.eu\/wp-content\/uploads\/roadmap\/hr\/gr\/story.html\" target=\"_blank\">GR\u010cKA<\/a><\/span>\n        <\/div>\n<div class=\"milestone\">\n            <img decoding=\"async\" src=\"\/wp-content\/uploads\/2023\/06\/it-noline.png\" alt=\"Italy\" class=\"flag\"><br \/>\n            <span class=\"label\"><a href=\"https:\/\/partnerup-project.eu\/wp-content\/uploads\/roadmap\/hr\/it\/story.html\" target=\"_blank\">ITALIJA<\/a><\/span>\n        <\/div>\n<\/p><\/div>\n<\/div>\n<p><!--more--><br \/>\n<!-- {\"type\":\"layout\",\"children\":[{\"type\":\"section\",\"props\":{\"image_position\":\"center-center\",\"style\":\"default\",\"title_breakpoint\":\"xl\",\"title_position\":\"top-left\",\"title_rotation\":\"left\",\"vertical_align\":\"middle\",\"width\":\"default\"},\"children\":[{\"type\":\"row\",\"children\":[{\"type\":\"column\",\"props\":{\"image_position\":\"center-center\",\"position_sticky_breakpoint\":\"m\"},\"children\":[{\"type\":\"headline\",\"props\":{\"content\":\"Nacionalni planovi provedbe provedbu Preporuke Vije\\u0107a o oblicima usavr\\u0161avanja: nove prilike za odrasle\",\"title_color\":\"secondary\",\"title_element\":\"h1\"}},{\"type\":\"breadcrumbs\",\"props\":{\"show_current\":true,\"show_home\":true}}]}]},{\"type\":\"row\",\"children\":[{\"type\":\"column\",\"props\":{\"image_position\":\"center-center\",\"position_sticky_breakpoint\":\"m\"},\"children\":[{\"type\":\"text\",\"props\":{\"column_breakpoint\":\"m\",\"content\":\"\n\n<div>\\n\n\n<p>Nacionalni planovi navode klju\\u010dne mehanizme suradnje za potporu provedbi Preporuke Vije\\u0107a o oblicima usavr\\u0161avanja: nove prilike za odrasle. Planovi su razvijeni procesom savjetovanja s dionicima u sustavu obrazovanja odraslih svake zemlje te pru\\u017eaju fleksibilan okvir daljnje suradnje. Odra\\u017eavaju stvarnost svakog nacionalnog konteksta te njihova provedba ovisi o dostupnim resursima, postoje\\u0107im strukturama i izazovima specifi\\u010dnima za pojedine zemlje. Planovi su oblikovani nakon vi\\u0161estrukih rasprava s dionicima kako bi se identificirale prepreke, predlo\\u017eila rje\\u0161enja i ocrtale konkretne intervencije za pobolj\\u0161anje suradnje izme\\u0111u ustanova za obrazovanje odraslih, poslodavaca, vladinih agencija i organizacija civilnog dru\\u0161tva. Osim planova na razini pojedine zemlje, izra\\u0111en je komplementarni europski plan za pobolj\\u0161anje mehanizama suradnje na razini EU-a.<\\\/p>\\n\n\n<p>Ovi planovi slu\\u017ee kao prakti\\u010dni alati koje dionici mogu prilagoditi svojim potrebama, poma\\u017eu\\u0107i im u strukturiranju partnerstava, definiranju odgovornosti i planiranju radnji koje pobolj\\u0161avaju pristup mogu\\u0107nostima obrazovanja za odrasle. Planovi mogu poduprijeti tvorce politika u uskla\\u0111ivanju inicijativa sa \\u0161irim nacionalnim i europskim strategijama te istodobno usmjeravati ustanove za obrazovanje odraslih i poslodavce u pru\\u017eanju ciljane obrazovne ponude. Kori\\u0161tenjem ovih planova dionici mogu oja\\u010dati koordinaciju, pobolj\\u0161ati uklju\\u010divanje odraslih osoba s ni\\u017eom razinom kvalifikacije u obrazovanje i stvoriti u\\u010dinkovitije sustave cjelo\\u017eivotnog u\\u010denja koji odgovaraju zahtjevima tr\\u017ei\\u0161ta rada i potrebama dru\\u0161tva.<\\\/p>\\n<\\\/div>\",\"margin\":\"default\"}}]}]}]},{\"type\":\"section\",\"props\":{\"css\":\".el-section{\\n\\tbackground: #162b45;\\n}\",\"image_position\":\"center-center\",\"padding_remove_bottom\":false,\"style\":\"default\",\"title_breakpoint\":\"xl\",\"title_position\":\"top-left\",\"title_rotation\":\"left\",\"vertical_align\":\"middle\",\"width\":\"default\"},\"children\":[{\"type\":\"row\",\"children\":[{\"type\":\"column\",\"props\":{\"image_position\":\"center-center\",\"position_sticky_breakpoint\":\"m\"},\"children\":[{\"type\":\"html\",\"props\":{\"content\":\"\n\n<div class=\\\"roadmap-container\\\">\\n        \n\n<div class=\\\"milestone\\\">\\n            <img src=\\\"\\\/wp-content\\\/uploads\\\/2025\\\/02\\\/eu-flag.png\\\" alt=\\\"Europian Union\\\" class=\\\"flag\\\">\\n            <span class=\\\"label\\\"><a href=\\\"https:\\\/\\\/partnerup-project.eu\\\/wp-content\\\/uploads\\\/roadmap\\\/hr\\\/eu\\\/story.html\\\" target=\\\"_blank\\\">EU<\\\/a><\\\/span>\\n        <\\\/div>\\n        \n\n<div class=\\\"milestone\\\">            \\n            <img src=\\\"\\\/wp-content\\\/uploads\\\/2023\\\/06\\\/cy-noline.png\\\" alt=\\\"Cyprus\\\" class=\\\"flag\\\">\\n            <span class=\\\"label\\\"><a href=\\\"https:\\\/\\\/partnerup-project.eu\\\/wp-content\\\/uploads\\\/roadmap\\\/hr\\\/cy\\\/story.html\\\" target=\\\"_blank\\\">CIPAR<\\\/a><\\\/span>\\n        <\\\/div>\\n        \n\n<div class=\\\"milestone\\\">\\n            <img src=\\\"\\\/wp-content\\\/uploads\\\/2023\\\/06\\\/lv-noline.png\\\" alt=\\\"Latvia\\\" class=\\\"flag\\\">\\n            <span class=\\\"label\\\"><a href=\\\"https:\\\/\\\/partnerup-project.eu\\\/wp-content\\\/uploads\\\/roadmap\\\/hr\\\/lv\\\/story.html\\\" target=\\\"_blank\\\">LATVIJA<\\\/a><\\\/span>\\n        <\\\/div>\\n        \n\n<div class=\\\"milestone\\\">\\n            <img src=\\\"\\\/wp-content\\\/uploads\\\/2023\\\/06\\\/hr-noline.png\\\" alt=\\\"Croatia\\\" class=\\\"flag\\\">\\n            <span class=\\\"label\\\"><a href=\\\"https:\\\/\\\/partnerup-project.eu\\\/wp-content\\\/uploads\\\/roadmap\\\/hr\\\/hr\\\/story.html\\\" target=\\\"_blank\\\">HRVATSKA<\\\/a><\\\/span>\\n        <\\\/div>\\n        \n\n<div class=\\\"milestone\\\">\\n            <img src=\\\"\\\/wp-content\\\/uploads\\\/2023\\\/06\\\/ro-noline.png\\\" alt=\\\"Romania\\\" class=\\\"flag\\\">\\n            <span class=\\\"label\\\"><a href=\\\"https:\\\/\\\/partnerup-project.eu\\\/wp-content\\\/uploads\\\/roadmap\\\/hr\\\/ro\\\/story.html\\\" target=\\\"_blank\\\">RUMUNJSKA<\\\/a><\\\/span>\\n        <\\\/div>\\n        \n\n<div class=\\\"milestone\\\">\\n            <img src=\\\"\\\/wp-content\\\/uploads\\\/2023\\\/06\\\/gr-noline.png\\\" alt=\\\"Greece\\\" class=\\\"flag\\\">\\n            <span class=\\\"label\\\"><a href=\\\"https:\\\/\\\/partnerup-project.eu\\\/wp-content\\\/uploads\\\/roadmap\\\/hr\\\/gr\\\/story.html\\\" target=\\\"_blank\\\">GR\\u010cKA<\\\/a><\\\/span>\\n        <\\\/div>\\n        \n\n<div class=\\\"milestone\\\">\\n            <img src=\\\"\\\/wp-content\\\/uploads\\\/2023\\\/06\\\/it-noline.png\\\" alt=\\\"Italy\\\" class=\\\"flag\\\">\\n            <span class=\\\"label\\\"><a href=\\\"https:\\\/\\\/partnerup-project.eu\\\/wp-content\\\/uploads\\\/roadmap\\\/hr\\\/it\\\/story.html\\\" target=\\\"_blank\\\">ITALIJA<\\\/a><\\\/span>\\n        <\\\/div>\\n    <\\\/div>\\n\",\"css\":\".roadmap-container {\\n    position: relative;\\n    width: 400px;\\n    height: 1000px;\\n    background-image: url('\\\/wp-content\\\/uploads\\\/2024\\\/11\\\/road.png');\\n    background-position: center;\\n    background-size: contain;\\n    background-repeat: no-repeat;\\n    text-align: center;\\n    margin: 0 auto;\\n}\\n\\n.milestone {\\n    position: absolute;\\n  display: flex;\\n  align-items: center;\\n  margin: 25px 0;\\n  top: 4%;\\n  left: 49%;\\n  transform: translateX(-50%);\\n  \\\/\\\/animation: leftright linear infinite 2s;\\n}\\n@keyframes leftright{\\n    0%{\\n    \\tleft: 48%;\\n    }\\n    50%{\\n    \\tleft: 49%;\\n    }\\n    100%{\\n    \\tleft: 48%;\\n    }\\n}\\n.milestone:nth-of-type(2){\\n    top: 18%;\\n}\\n.milestone:nth-of-type(3){\\n    top: 31%;\\n}\\n.milestone:nth-of-type(4){\\n    top: 45%;\\n}\\n.milestone:nth-of-type(5){\\n    top: 58%;\\n}\\n.milestone:nth-of-type(6){\\n    top: 72%;\\n}\\n.milestone:nth-of-type(7){\\n    top: 86%;\\n}\\n.flag {\\n    width: 50px;\\n    height: 50px;\\n    border-radius: 50%;\\n    margin-right: 10px;\\n}\\n\\n.label {\\n    font-size: 16px;\\n    font-weight: bold;\\n    color: #fff;\\n}\\n\\n.el-element a{\\n\\tcolor: #fff;\\n    transition: all .3s;\\n}\\n.el-element a:hover{\\n\\tcolor: #007e6a;\\n}\"}}]}]}]},{\"type\":\"section\",\"props\":{\"css\":\".el-section{\\n\\tmargin: 0!important;\\n    padding-bottom: 0!important;\\n}\",\"image\":\"wp-content\\\/uploads\\\/2023\\\/03\\\/bottom-wave-2-08.png\",\"image_position\":\"top-center\",\"image_size\":\"width-1-1\",\"padding\":\"xlarge\",\"padding_remove_bottom\":false,\"style\":\"default\",\"title_breakpoint\":\"xl\",\"title_position\":\"top-left\",\"title_rotation\":\"left\",\"vertical_align\":\"middle\",\"width\":\"default\"},\"children\":[{\"type\":\"row\",\"children\":[{\"type\":\"column\",\"props\":{\"image_position\":\"center-center\",\"position_sticky_breakpoint\":\"m\"}}]}]}],\"version\":\"4.4.9\"} --><\/p>\n","protected":false},"excerpt":{"rendered":"<p>Nacionalni planovi provedbe provedbu Preporuke Vije\u0107a o oblicima usavr\u0161avanja: nove prilike za odrasle Nacionalni planovi navode klju\u010dne mehanizme suradnje za potporu provedbi Preporuke Vije\u0107a o..<\/p>\n","protected":false},"author":1,"featured_media":0,"parent":0,"menu_order":0,"comment_status":"closed","ping_status":"closed","template":"","meta":{"_acf_changed":false,"footnotes":""},"class_list":["post-3519","page","type-page","status-publish","hentry"],"acf":[],"_links":{"self":[{"href":"https:\/\/partnerup-project.eu\/hr\/wp-json\/wp\/v2\/pages\/3519","targetHints":{"allow":["GET"]}}],"collection":[{"href":"https:\/\/partnerup-project.eu\/hr\/wp-json\/wp\/v2\/pages"}],"about":[{"href":"https:\/\/partnerup-project.eu\/hr\/wp-json\/wp\/v2\/types\/page"}],"author":[{"embeddable":true,"href":"https:\/\/partnerup-project.eu\/hr\/wp-json\/wp\/v2\/users\/1"}],"replies":[{"embeddable":true,"href":"https:\/\/partnerup-project.eu\/hr\/wp-json\/wp\/v2\/comments?post=3519"}],"version-history":[{"count":5,"href":"https:\/\/partnerup-project.eu\/hr\/wp-json\/wp\/v2\/pages\/3519\/revisions"}],"predecessor-version":[{"id":3541,"href":"https:\/\/partnerup-project.eu\/hr\/wp-json\/wp\/v2\/pages\/3519\/revisions\/3541"}],"wp:attachment":[{"href":"https:\/\/partnerup-project.eu\/hr\/wp-json\/wp\/v2\/media?parent=3519"}],"curies":[{"name":"wp","href":"https:\/\/api.w.org\/{rel}","templated":true}]}}