{"id":1261,"date":"2022-02-24T14:11:37","date_gmt":"2022-02-24T14:11:37","guid":{"rendered":"https:\/\/partnerup-project.eu\/home\/"},"modified":"2023-06-15T08:10:12","modified_gmt":"2023-06-15T08:10:12","slug":"home","status":"publish","type":"page","link":"https:\/\/partnerup-project.eu\/hr\/","title":{"rendered":"Po\u010detna"},"content":{"rendered":"<h1>PARTNERSTVO I SUDJELOVANJE DIONIKA U OBLICIMA USAVR\u0160AVANJA<\/h1>\n<p><img decoding=\"async\" src=\"\/wp-content\/uploads\/2023\/03\/hero-intro-13.png\" alt=\"\"><\/p>\n<ul>\n<li><a href=\"https:\/\/www.facebook.com\/partnerupeu\/\">facebook<\/a>\n<\/li>\n<li><a href=\"https:\/\/twitter.com\/partnerupeu\">twitter<\/a>\n<\/li>\n<\/ul>\n<div>\n<p>        <img decoding=\"async\" src=\"\/wp-content\/uploads\/2023\/03\/about-icons-09.png\" alt=\"\"><\/p>\n<h4>Ciljevi<\/h4>\n<div>\n<p>Partner UP nastoji pobolj\u0161ati provedbu Oblika usavr\u0161avanja, pove\u0107ati sudjelovanje odraslih polaznika u mogu\u0107nostima cjelo\u017eivotnog u\u010denja i promicati suradnju me\u0111u relevantnim dionicima.<\/p>\n<\/div>\n<p><a href=\"\/hr\/about#objectives\"><\/a><\/p>\n<\/div>\n<div>\n<p>        <img decoding=\"async\" src=\"\/wp-content\/uploads\/2023\/03\/about-icons-10.png\" alt=\"\"><\/p>\n<h4>Rezultati <\/h4>\n<div>\n<p><span>Projekt \u0107e provesti analizu dionika i konzultacije, organizirati studijske posjete za vr\u0161nja\u010dko u\u010denje i razviti planove provedbe za nove mehanizme suradnje koji rje\u0161avaju nedostatke i mogu\u0107nosti u pou\u010davanju odraslih i podr\u017eavaju niskokvalificirane odrasle polaznike.<\/span><\/p>\n<\/div>\n<p><a href=\"\/hr\/about#results\"><\/a><\/p>\n<\/div>\n<div>\n<p>        <img decoding=\"async\" src=\"\/wp-content\/uploads\/2023\/03\/about-icons-11.png\" alt=\"\"><\/p>\n<h4>Metodologija <\/h4>\n<div>\n<p><span>Metodologija Partner UP-a vo\u0111ena je na\u010delima demokracije i sudjelovanja, u\u010dinkovitosti, odr\u017eivosti i prenosivosti, istra\u017eivanja i analize temeljene na dokazima, ostvarivosti i fleksibilnosti kako bi se osiguralo da partneri u\u010dinkovito sura\u0111uju i stvaraju rje\u0161enja koja su relevantna i prenosiva.<\/span><\/p>\n<\/div>\n<p><a href=\"\/hr\/about#methodology\"><\/a><\/p>\n<\/div>\n<p><img decoding=\"async\" src=\"\/wp-content\/uploads\/2023\/03\/vurtual-map-home-12.png\" alt=\"\"><\/p>\n<h2><span>Virtualna karta <\/span><\/h2>\n<div>\n<p><span>Virtualna karta \u0107e sadr\u017eavati repozitorij resursa za obrazovanje odraslih uklju\u010duju\u0107i analize, planove provedbe, nacionalna izvje\u0161\u0107a, najbolje prakse, preporuke politika, nau\u010dene lekcije i izvje\u0161\u0107a o drugim aktivnostima iz inicijativa na\u0161eg projekta. O\u010dekujte slu\u017ebeno lansiranje ove platforme koja \u0107e biti vrijedan alat za sve one koji su zainteresirani za pobolj\u0161anje pou\u010davanja odraslih i podr\u0161ku niskokvalificiranim odraslim polaznicima.<\/span><\/p>\n<\/div>\n<h2><span>Novosti<\/span><\/h2>\n<div>\n<\/div>\n<p>\n    <a href=\"\">View all news<\/a>\n<\/p>\n<p><!--more--><br \/>\n<!-- {\"type\":\"layout\",\"children\":[{\"type\":\"section\",\"props\":{\"animation\":\"fade\",\"animation_delay\":\"100\",\"class\":\"hero-section\",\"css\":\".el-section{\\n\\tbackground-color: #162b45;\\n}\",\"height\":\"percent\",\"image\":\"\",\"image_position\":\"bottom-center\",\"image_size\":\"width-1-1\",\"padding_remove_bottom\":true,\"style\":\"default\",\"title_breakpoint\":\"xl\",\"title_position\":\"top-left\",\"title_rotation\":\"left\",\"vertical_align\":\"middle\",\"width\":\"default\"},\"children\":[{\"type\":\"row\",\"children\":[{\"type\":\"column\",\"props\":{\"image_position\":\"center-center\",\"media_overlay_gradient\":\"\",\"position_sticky_breakpoint\":\"m\"},\"children\":[{\"type\":\"headline\",\"props\":{\"animation\":\"slide-bottom-medium\",\"content\":\"PARTNERSTVO I SUDJELOVANJE DIONIKA U OBLICIMA USAVR\\u0160AVANJA\",\"css\":\".el-element{\\n\\tcolor:#fff;\\n    font-weight: 600;\\n}\",\"margin_remove_bottom\":true,\"position_top\":\"0\",\"text_align\":\"center\",\"title_element\":\"h1\",\"title_style\":\"h1\"}},{\"type\":\"image\",\"props\":{\"animation\":\"scale-up\",\"image\":\"wp-content\\\/uploads\\\/2023\\\/03\\\/hero-intro-13.png\",\"image_svg_color\":\"emphasis\",\"margin\":\"large\",\"margin_remove_bottom\":false}},{\"type\":\"social\",\"props\":{\"animation\":\"slide-right-medium\",\"class\":\"social-fixed\",\"grid\":\"horizontal\",\"grid_gap\":\"small\",\"link_style\":\"button\",\"link_target\":true,\"margin\":\"default\"},\"children\":[{\"type\":\"social_item\",\"props\":{\"icon\":\"facebook\",\"link\":\"https:\\\/\\\/www.facebook.com\\\/partnerupeu\\\/\"}},{\"type\":\"social_item\",\"props\":{\"icon\":\"twitter\",\"link\":\"https:\\\/\\\/twitter.com\\\/partnerupeu\"}}]}]}]}]},{\"type\":\"section\",\"props\":{\"animation\":\"slide-bottom-small\",\"animation_delay\":\"150\",\"image\":\"wp-content\\\/uploads\\\/2023\\\/03\\\/bottom-wave-2-08.png\",\"image_position\":\"top-center\",\"image_size\":\"width-1-1\",\"padding\":\"small\",\"padding_remove_top\":true,\"style\":\"default\",\"title_breakpoint\":\"xl\",\"title_position\":\"top-left\",\"title_rotation\":\"left\",\"vertical_align\":\"middle\",\"width\":\"default\"},\"children\":[{\"type\":\"row\",\"props\":{\"layout\":\"1-3,1-3,1-3\",\"margin\":\"large\",\"match\":true},\"children\":[{\"type\":\"column\",\"props\":{\"image_position\":\"center-center\",\"media_overlay_gradient\":\"\",\"position_sticky_breakpoint\":\"m\",\"width_medium\":\"1-3\"},\"children\":[{\"type\":\"panel\",\"props\":{\"animation\":\"slide-bottom-small\",\"content\":\"\n\n<p>Partner UP nastoji pobolj\\u0161ati provedbu Oblika usavr\\u0161avanja, pove\\u0107ati sudjelovanje odraslih polaznika u mogu\\u0107nostima cjelo\\u017eivotnog u\\u010denja i promicati suradnju me\\u0111u relevantnim dionicima.<\\\/p>\",\"content_column_breakpoint\":\"m\",\"content_margin\":\"small\",\"css\":\".el-element{\\n\\tbackground-color: #fff;\\n    border-radius: 60px;\\n    padding: 30px;\\n    box-shadow: 0px 0px 10px 0px #acbfef;\\n}\\n.el-title{\\n\\tfont-weight: 600;\\n}\",\"icon_width\":80,\"image\":\"wp-content\\\/uploads\\\/2023\\\/03\\\/about-icons-09.png\",\"image_align\":\"top\",\"image_grid_breakpoint\":\"m\",\"image_grid_width\":\"1-2\",\"image_svg_color\":\"emphasis\",\"link\":\"hr\\\/about#objectives\",\"link_style\":\"primary\",\"link_text\":\"\",\"margin\":\"default\",\"meta_align\":\"below-title\",\"meta_element\":\"div\",\"meta_style\":\"text-meta\",\"panel_link\":true,\"panel_padding\":\"small\",\"panel_style\":\"card-default\",\"title\":\"Ciljevi\",\"title_align\":\"top\",\"title_color\":\"success\",\"title_element\":\"h4\",\"title_grid_breakpoint\":\"m\",\"title_grid_width\":\"1-2\",\"title_hover_style\":\"reset\"}}]},{\"type\":\"column\",\"props\":{\"image_position\":\"center-center\",\"media_overlay_gradient\":\"\",\"position_sticky_breakpoint\":\"m\",\"width_medium\":\"1-3\"},\"children\":[{\"type\":\"panel\",\"props\":{\"animation\":\"slide-bottom-small\",\"content\":\"\n\n<p><span>Projekt \\u0107e provesti analizu dionika i konzultacije, organizirati studijske posjete za vr\\u0161nja\\u010dko u\\u010denje i razviti planove provedbe za nove mehanizme suradnje koji rje\\u0161avaju nedostatke i mogu\\u0107nosti u pou\\u010davanju odraslih i podr\\u017eavaju niskokvalificirane odrasle polaznike.<\\\/span><\\\/p>\",\"content_column_breakpoint\":\"m\",\"content_margin\":\"small\",\"css\":\".el-element{\\n\\tbackground-color: #fff;\\n    border-radius: 60px;\\n    padding: 30px;\\n    box-shadow: 0px 0px 10px 0px #acbfef;\\n}\\n.el-title{\\n\\tfont-weight: 600;\\n}\",\"icon_width\":80,\"image\":\"wp-content\\\/uploads\\\/2023\\\/03\\\/about-icons-10.png\",\"image_align\":\"top\",\"image_grid_breakpoint\":\"m\",\"image_grid_width\":\"1-2\",\"image_svg_color\":\"emphasis\",\"link\":\"hr\\\/about#results\",\"link_style\":\"primary\",\"link_text\":\"\",\"margin\":\"default\",\"meta_align\":\"below-title\",\"meta_element\":\"div\",\"meta_style\":\"text-meta\",\"panel_link\":true,\"panel_padding\":\"small\",\"panel_style\":\"card-default\",\"title\":\"Rezultati \",\"title_align\":\"top\",\"title_color\":\"success\",\"title_element\":\"h4\",\"title_grid_breakpoint\":\"m\",\"title_grid_width\":\"1-2\",\"title_hover_style\":\"reset\"}}]},{\"type\":\"column\",\"props\":{\"image_position\":\"center-center\",\"media_overlay_gradient\":\"\",\"position_sticky_breakpoint\":\"m\",\"width_medium\":\"1-3\"},\"children\":[{\"type\":\"panel\",\"props\":{\"animation\":\"slide-bottom-small\",\"content\":\"\n\n<p><span>Metodologija Partner UP-a vo\\u0111ena je na\\u010delima demokracije i sudjelovanja, u\\u010dinkovitosti, odr\\u017eivosti i prenosivosti, istra\\u017eivanja i analize temeljene na dokazima, ostvarivosti i fleksibilnosti kako bi se osiguralo da partneri u\\u010dinkovito sura\\u0111uju i stvaraju rje\\u0161enja koja su relevantna i prenosiva.<\\\/span><\\\/p>\",\"content_column_breakpoint\":\"m\",\"content_margin\":\"small\",\"css\":\".el-element{\\n\\tbackground-color: #fff;\\n    border-radius: 60px;\\n    padding: 30px;\\n    box-shadow: 0px 0px 10px 0px #acbfef;\\n}\\n.el-title{\\n\\tfont-weight: 600;\\n}\",\"icon_width\":80,\"image\":\"wp-content\\\/uploads\\\/2023\\\/03\\\/about-icons-11.png\",\"image_align\":\"top\",\"image_grid_breakpoint\":\"m\",\"image_grid_width\":\"1-2\",\"image_svg_color\":\"emphasis\",\"link\":\"hr\\\/about#methodology\",\"link_style\":\"primary\",\"link_text\":\"\",\"margin\":\"default\",\"meta_align\":\"below-title\",\"meta_element\":\"div\",\"meta_style\":\"text-meta\",\"panel_link\":true,\"panel_padding\":\"small\",\"panel_style\":\"card-default\",\"title\":\"Metodologija \",\"title_align\":\"top\",\"title_color\":\"success\",\"title_element\":\"h4\",\"title_grid_breakpoint\":\"m\",\"title_grid_width\":\"1-2\",\"title_hover_style\":\"reset\"}}]}]}]},{\"type\":\"section\",\"props\":{\"animation\":\"fade\",\"animation_delay\":\"150\",\"css\":\".el-section{\\n\\tpadding-top: 70px;\\n}\",\"image\":\"wp-content\\\/uploads\\\/2023\\\/03\\\/top-wave2-14.png\",\"image_position\":\"bottom-center\",\"image_size\":\"width-1-1\",\"padding\":\"xlarge\",\"padding_remove_top\":true,\"style\":\"default\",\"title_breakpoint\":\"xl\",\"title_position\":\"top-left\",\"title_rotation\":\"left\",\"vertical_align\":\"middle\",\"width\":\"default\"},\"children\":[{\"type\":\"row\",\"props\":{\"layout\":\"1-3,2-3\",\"margin\":\"default\",\"margin_remove_top\":true},\"children\":[{\"type\":\"column\",\"props\":{\"image_position\":\"center-center\",\"media_overlay_gradient\":\"\",\"position_sticky_breakpoint\":\"m\",\"vertical_align\":\"middle\",\"width_medium\":\"1-3\",\"width_small\":\"1-3\"},\"children\":[{\"type\":\"image\",\"props\":{\"animation\":\"scale-up\",\"image\":\"wp-content\\\/uploads\\\/2023\\\/03\\\/vurtual-map-home-12.png\",\"image_svg_color\":\"emphasis\",\"margin\":\"default\"}}]},{\"type\":\"column\",\"props\":{\"image_position\":\"center-center\",\"media_overlay_gradient\":\"\",\"position_sticky_breakpoint\":\"m\",\"vertical_align\":\"middle\",\"width_medium\":\"2-3\",\"width_small\":\"2-3\"},\"children\":[{\"type\":\"headline\",\"props\":{\"animation\":\"slide-bottom-small\",\"content\":\"<span>Virtualna karta <\\\/span>\",\"css\":\".el-element{\\n\\tfont-weight: 600;\\n}\",\"title_color\":\"secondary\",\"title_element\":\"h2\",\"title_style\":\"h2\"}},{\"type\":\"text\",\"props\":{\"animation\":\"slide-bottom-small\",\"column_breakpoint\":\"m\",\"content\":\"\n\n<p><span>Virtualna karta \\u0107e sadr\\u017eavati repozitorij resursa za obrazovanje odraslih uklju\\u010duju\\u0107i analize, planove provedbe, nacionalna izvje\\u0161\\u0107a, najbolje prakse, preporuke politika, nau\\u010dene lekcije i izvje\\u0161\\u0107a o drugim aktivnostima iz inicijativa na\\u0161eg projekta. O\\u010dekujte slu\\u017ebeno lansiranje ove platforme koja \\u0107e biti vrijedan alat za sve one koji su zainteresirani za pobolj\\u0161anje pou\\u010davanja odraslih i podr\\u0161ku niskokvalificiranim odraslim polaznicima.<\\\/span><\\\/p>\",\"margin\":\"default\"}}]}]}]},{\"type\":\"section\",\"props\":{\"animation\":\"fade\",\"animation_delay\":\"150\",\"css\":\".el-section{\\n\\tbackground-color: #162b45;\\n\\t}\",\"image\":\"\",\"image_position\":\"top-center\",\"image_size\":\"width-1-1\",\"padding\":\"small\",\"padding_remove_top\":true,\"style\":\"default\",\"title_breakpoint\":\"xl\",\"title_position\":\"top-left\",\"title_rotation\":\"left\",\"vertical_align\":\"middle\",\"width\":\"default\"},\"children\":[{\"type\":\"row\",\"children\":[{\"type\":\"column\",\"props\":{\"image_position\":\"center-center\",\"media_overlay_gradient\":\"\",\"position_sticky_breakpoint\":\"m\"},\"children\":[{\"type\":\"headline\",\"props\":{\"animation\":\"slide-bottom-small\",\"content\":\"<span>Novosti<\\\/span>\",\"css\":\".el-element{\\n\\tcolor: #fff;\\n    font-weight: 600;\\n}\",\"text_align\":\"center\",\"title_element\":\"h2\",\"title_style\":\"h2\"}},{\"type\":\"grid\",\"props\":{\"animation\":\"slide-bottom-small\",\"class\":\"news-grid\",\"content_column_breakpoint\":\"m\",\"css\":\".uk-child-width-1-1.uk-child-width-1-3\\\\@m.uk-grid-match.uk-grid {\\n  display: flex;\\n  justify-content: center;\\n}\",\"filter_align\":\"left\",\"filter_all\":true,\"filter_grid_breakpoint\":\"m\",\"filter_grid_width\":\"auto\",\"filter_position\":\"top\",\"filter_style\":\"tab\",\"grid_default\":\"1\",\"grid_medium\":\"3\",\"icon_width\":80,\"image_align\":\"top\",\"image_grid_breakpoint\":\"m\",\"image_grid_width\":\"1-2\",\"image_svg_color\":\"emphasis\",\"item_animation\":true,\"link_style\":\"secondary\",\"link_text\":\"\",\"margin\":\"default\",\"meta_align\":\"below-title\",\"meta_element\":\"div\",\"meta_style\":\"text-meta\",\"panel_link\":true,\"panel_style\":\"card-default\",\"parallax_easing\":\"1\",\"show_content\":true,\"show_image\":true,\"show_link\":true,\"show_meta\":true,\"show_title\":true,\"title_align\":\"top\",\"title_element\":\"h3\",\"title_grid_breakpoint\":\"m\",\"title_grid_width\":\"1-2\",\"title_hover_style\":\"reset\"},\"children\":[{\"type\":\"grid_item\",\"props\":{\"link_text\":\"\"},\"source\":{\"query\":{\"name\":\"posts.customPosts\",\"arguments\":{\"terms\":[10],\"category_operator\":\"IN\",\"post_tag_operator\":\"IN\",\"users\":[],\"users_operator\":\"IN\",\"offset\":0,\"limit\":10,\"order\":\"date\",\"order_direction\":\"DESC\"}},\"props\":{\"title\":{\"filters\":{\"search\":\"\"},\"name\":\"title\"},\"content\":{\"filters\":{\"search\":\"\"},\"name\":\"excerpt\"},\"image\":{\"filters\":{\"search\":\"\"},\"name\":\"featuredImage.url\"},\"link\":{\"filters\":{\"search\":\"\"},\"name\":\"link\"}}}}]},{\"type\":\"button\",\"props\":{\"animation\":\"slide-bottom-small\",\"grid_column_gap\":\"small\",\"grid_row_gap\":\"small\",\"margin\":\"default\",\"text_align\":\"center\"},\"children\":[{\"type\":\"button_item\",\"props\":{\"button_style\":\"primary\",\"content\":\"[all_news_header]\",\"icon_align\":\"left\"},\"source\":{\"query\":{\"name\":\"categories.customCategories\",\"arguments\":{\"id\":0,\"offset\":0,\"limit\":1,\"order\":\"term_order\",\"order_direction\":\"ASC\"}},\"props\":{\"link\":{\"filters\":{\"search\":\"\"},\"name\":\"link\"}}}}]}]}]}]}],\"version\":\"3.0.20\"} --><\/p>\n","protected":false},"excerpt":{"rendered":"<p>PARTNERSTVO I SUDJELOVANJE DIONIKA U OBLICIMA USAVR\u0160AVANJA facebook twitter Ciljevi Partner UP nastoji pobolj\u0161ati provedbu Oblika usavr\u0161avanja, pove\u0107ati sudjelovanje odraslih polaznika u mogu\u0107nostima cjelo\u017eivotnog u\u010denja..<\/p>\n","protected":false},"author":1,"featured_media":0,"parent":0,"menu_order":0,"comment_status":"closed","ping_status":"closed","template":"","meta":{"_acf_changed":false,"footnotes":""},"class_list":["post-1261","page","type-page","status-publish","hentry"],"acf":[],"_links":{"self":[{"href":"https:\/\/partnerup-project.eu\/hr\/wp-json\/wp\/v2\/pages\/1261","targetHints":{"allow":["GET"]}}],"collection":[{"href":"https:\/\/partnerup-project.eu\/hr\/wp-json\/wp\/v2\/pages"}],"about":[{"href":"https:\/\/partnerup-project.eu\/hr\/wp-json\/wp\/v2\/types\/page"}],"author":[{"embeddable":true,"href":"https:\/\/partnerup-project.eu\/hr\/wp-json\/wp\/v2\/users\/1"}],"replies":[{"embeddable":true,"href":"https:\/\/partnerup-project.eu\/hr\/wp-json\/wp\/v2\/comments?post=1261"}],"version-history":[{"count":3,"href":"https:\/\/partnerup-project.eu\/hr\/wp-json\/wp\/v2\/pages\/1261\/revisions"}],"predecessor-version":[{"id":1295,"href":"https:\/\/partnerup-project.eu\/hr\/wp-json\/wp\/v2\/pages\/1261\/revisions\/1295"}],"wp:attachment":[{"href":"https:\/\/partnerup-project.eu\/hr\/wp-json\/wp\/v2\/media?parent=1261"}],"curies":[{"name":"wp","href":"https:\/\/api.w.org\/{rel}","templated":true}]}}